{"id":9685,"date":"2019-05-28T13:00:03","date_gmt":"2019-05-28T11:00:03","guid":{"rendered":"https:\/\/hec-holland.com\/mission\/"},"modified":"2025-11-04T15:44:11","modified_gmt":"2025-11-04T14:44:11","slug":"mission","status":"publish","type":"page","link":"https:\/\/hec-holland.com\/de\/mission\/","title":{"rendered":"Mission"},"content":{"rendered":"\t\t<div data-elementor-type=\"wp-page\" data-elementor-id=\"9685\" class=\"elementor elementor-9685 elementor-731\" data-elementor-post-type=\"page\">\n\t\t\t\t\t\t<section class=\"elementor-section elementor-top-section elementor-element elementor-element-59b0665 elementor-section-boxed elementor-section-height-default elementor-section-height-default\" data-id=\"59b0665\" data-element_type=\"section\" data-e-type=\"section\">\n\t\t\t\t\t\t<div class=\"elementor-container elementor-column-gap-default\">\n\t\t\t\t\t<div class=\"elementor-column elementor-col-100 elementor-top-column elementor-element elementor-element-cbdfe21\" data-id=\"cbdfe21\" data-element_type=\"column\" data-e-type=\"column\">\n\t\t\t<div class=\"elementor-widget-wrap elementor-element-populated\">\n\t\t\t\t\t\t<div class=\"elementor-element elementor-element-a852fb5 elementor-widget-divider--view-line elementor-widget elementor-widget-divider\" data-id=\"a852fb5\" data-element_type=\"widget\" data-e-type=\"widget\" data-widget_type=\"divider.default\">\n\t\t\t\t\t\t\t<div class=\"elementor-divider\">\n\t\t\t<span class=\"elementor-divider-separator\">\n\t\t\t\t\t\t<\/span>\n\t\t<\/div>\n\t\t\t\t\t\t<\/div>\n\t\t\t\t\t<\/div>\n\t\t<\/div>\n\t\t\t\t\t<\/div>\n\t\t<\/section>\n\t\t\t\t<section class=\"elementor-section elementor-top-section elementor-element elementor-element-e153eff elementor-section-boxed elementor-section-height-default elementor-section-height-default\" data-id=\"e153eff\" data-element_type=\"section\" data-e-type=\"section\">\n\t\t\t\t\t\t<div class=\"elementor-container elementor-column-gap-default\">\n\t\t\t\t\t<div class=\"elementor-column elementor-col-100 elementor-top-column elementor-element elementor-element-39c907f\" data-id=\"39c907f\" data-element_type=\"column\" data-e-type=\"column\">\n\t\t\t<div class=\"elementor-widget-wrap elementor-element-populated\">\n\t\t\t\t\t\t<div class=\"elementor-element elementor-element-33a60f3 elementor-widget elementor-widget-text-editor\" data-id=\"33a60f3\" data-element_type=\"widget\" data-e-type=\"widget\" data-widget_type=\"text-editor.default\">\n\t\t\t\t\t\t\t\t\t<p><strong>HEC-Holland wurde 2007 gegr\u00fcndet und ist seit fast zwei Jahrzehnten ein etablierter Name in der Draht- und Kabelindustrie. Mit Hauptsitz in Arnheim, Niederlande, agieren wir als internationaler Lieferant von Compounds, Rohstoffen und Halbzeugen und decken damit die vielf\u00e4ltigen Bed\u00fcrfnisse von Kabelherstellern weltweit ab. <\/strong><\/p>\t\t\t\t\t\t\t\t<\/div>\n\t\t\t\t\t<\/div>\n\t\t<\/div>\n\t\t\t\t\t<\/div>\n\t\t<\/section>\n\t\t\t\t<section class=\"elementor-section elementor-top-section elementor-element elementor-element-3a76be0 elementor-section-boxed elementor-section-height-default elementor-section-height-default\" data-id=\"3a76be0\" data-element_type=\"section\" data-e-type=\"section\">\n\t\t\t\t\t\t<div class=\"elementor-container elementor-column-gap-default\">\n\t\t\t\t\t<div class=\"elementor-column elementor-col-50 elementor-top-column elementor-element elementor-element-05c05cc\" data-id=\"05c05cc\" data-element_type=\"column\" data-e-type=\"column\">\n\t\t\t<div class=\"elementor-widget-wrap elementor-element-populated\">\n\t\t\t\t\t\t<div class=\"elementor-element elementor-element-40d6c6e elementor-widget elementor-widget-text-editor\" data-id=\"40d6c6e\" data-element_type=\"widget\" data-e-type=\"widget\" data-widget_type=\"text-editor.default\">\n\t\t\t\t\t\t\t\t\t<h2>Mission statement<\/h2><p>Unsere Mission ist klar: Wir vernetzen die weltweit besten Experten der Kabelindustrie und inspirieren die Branche zur Entwicklung hochwertiger Materialien und langlebiger Produkte, die zu einer besseren Welt beitragen. Wir engagieren uns f\u00fcr innovative, qualitativ hochwertige Mehrwertdienste, die den sich wandelnden Bed\u00fcrfnissen unserer Kunden gerecht werden und gleichzeitig h\u00f6chste Standards in puncto Nachhaltigkeit und Exzellenz gew\u00e4hrleisten. <\/p><p>Mit dieser Aufgabe k\u00f6nnen wir die Endkostenstruktur unserer Kunden verbessern, was heutzutage der Schl\u00fcssel ist, um auf dem hart umk\u00e4mpften Kabelmarkt zu \u00fcberleben. HEC-Holland hat sich zum Zeil gesetzt, <g id=\"gid_0\">hochwertiges Kabelmaterial<\/g> zu liefern Direkt vom Hersteller zum Endverbraucher. Unsere Fokusm\u00e4rkte im Bereich Draht und Kabel sind Europa, Nordafrika und der Nahe Osten.  <\/p><h2>Respekt<\/h2><p>Zentral f\u00fcr unsere Unternehmenskultur ist der tiefe Respekt vor unseren Beziehungen: zu unseren Kunden, Lieferanten, Mitarbeitern, Aktion\u00e4ren und der Gesellschaft insgesamt. Wir legen in all unseren Interaktionen Wert auf Transparenz, Integrit\u00e4t und Vertrauen und f\u00f6rdern so langfristige Partnerschaften, die auf gegenseitigem Respekt und gemeinsamen Werten basieren. <\/p><p><strong>YOUR CABLE,<\/strong><br><strong style=\"font-style: inherit; text-decoration-line: initial;\"><span style=\"color: #5dafcb;\">OUR CONNECTION<\/span><\/strong><\/p>\t\t\t\t\t\t\t\t<\/div>\n\t\t\t\t\t<\/div>\n\t\t<\/div>\n\t\t\t\t<div class=\"elementor-column elementor-col-50 elementor-top-column elementor-element elementor-element-e939b53\" data-id=\"e939b53\" data-element_type=\"column\" data-e-type=\"column\">\n\t\t\t<div class=\"elementor-widget-wrap elementor-element-populated\">\n\t\t\t\t\t\t<div class=\"elementor-element elementor-element-40c75fd animated-slow elementor-invisible elementor-widget elementor-widget-image\" data-id=\"40c75fd\" data-element_type=\"widget\" data-e-type=\"widget\" data-settings=\"{&quot;_animation&quot;:&quot;fadeIn&quot;}\" data-widget_type=\"image.default\">\n\t\t\t\t\t\t\t\t\t\t\t\t\t\t\t<img fetchpriority=\"high\" decoding=\"async\" width=\"1024\" height=\"684\" src=\"https:\/\/hec-holland.com\/wp-content\/uploads\/2025\/11\/mission-global.jpg\" class=\"attachment-full size-full wp-image-26973\" alt=\"HEC-Holland mission, respect, global network\" srcset=\"https:\/\/hec-holland.com\/wp-content\/uploads\/2025\/11\/mission-global.jpg 1024w, https:\/\/hec-holland.com\/wp-content\/uploads\/2025\/11\/mission-global-300x200.jpg 300w, https:\/\/hec-holland.com\/wp-content\/uploads\/2025\/11\/mission-global-768x513.jpg 768w\" sizes=\"(max-width: 1024px) 100vw, 1024px\" \/>\t\t\t\t\t\t\t\t\t\t\t\t\t\t\t<\/div>\n\t\t\t\t\t<\/div>\n\t\t<\/div>\n\t\t\t\t\t<\/div>\n\t\t<\/section>\n\t\t\t\t<section class=\"elementor-section elementor-top-section elementor-element elementor-element-89aa330 elementor-section-boxed elementor-section-height-default elementor-section-height-default\" data-id=\"89aa330\" data-element_type=\"section\" data-e-type=\"section\">\n\t\t\t\t\t\t<div class=\"elementor-container elementor-column-gap-default\">\n\t\t\t\t\t<div class=\"elementor-column elementor-col-50 elementor-top-column elementor-element elementor-element-95716c0\" data-id=\"95716c0\" data-element_type=\"column\" data-e-type=\"column\">\n\t\t\t<div class=\"elementor-widget-wrap elementor-element-populated\">\n\t\t\t\t\t\t<div class=\"elementor-element elementor-element-d744e24 animated-slow elementor-invisible elementor-widget elementor-widget-image\" data-id=\"d744e24\" data-element_type=\"widget\" data-e-type=\"widget\" data-settings=\"{&quot;_animation&quot;:&quot;fadeIn&quot;}\" data-widget_type=\"image.default\">\n\t\t\t\t\t\t\t\t\t\t\t\t\t\t\t<img decoding=\"async\" width=\"675\" height=\"900\" src=\"https:\/\/hec-holland.com\/wp-content\/uploads\/2023\/09\/Mission-2.jpg\" class=\"attachment-full size-full wp-image-11887\" alt=\"Mission\" srcset=\"https:\/\/hec-holland.com\/wp-content\/uploads\/2023\/09\/Mission-2.jpg 675w, https:\/\/hec-holland.com\/wp-content\/uploads\/2023\/09\/Mission-2-225x300.jpg 225w\" sizes=\"(max-width: 675px) 100vw, 675px\" \/>\t\t\t\t\t\t\t\t\t\t\t\t\t\t\t<\/div>\n\t\t\t\t\t<\/div>\n\t\t<\/div>\n\t\t\t\t<div class=\"elementor-column elementor-col-50 elementor-top-column elementor-element elementor-element-999363c\" data-id=\"999363c\" data-element_type=\"column\" data-e-type=\"column\">\n\t\t\t<div class=\"elementor-widget-wrap elementor-element-populated\">\n\t\t\t\t\t\t<section class=\"elementor-section elementor-inner-section elementor-element elementor-element-adab062 elementor-section-boxed elementor-section-height-default elementor-section-height-default\" data-id=\"adab062\" data-element_type=\"section\" data-e-type=\"section\" data-settings=\"{&quot;background_background&quot;:&quot;classic&quot;}\">\n\t\t\t\t\t\t<div class=\"elementor-container elementor-column-gap-default\">\n\t\t\t\t\t<div class=\"elementor-column elementor-col-100 elementor-inner-column elementor-element elementor-element-d33b626\" data-id=\"d33b626\" data-element_type=\"column\" data-e-type=\"column\">\n\t\t\t<div class=\"elementor-widget-wrap elementor-element-populated\">\n\t\t\t\t\t\t<div class=\"elementor-element elementor-element-690139d elementor-widget elementor-widget-text-editor\" data-id=\"690139d\" data-element_type=\"widget\" data-e-type=\"widget\" data-widget_type=\"text-editor.default\">\n\t\t\t\t\t\t\t\t\t<h2><span style=\"color: #ffffff;\">Verkabelte L\u00f6sungen<\/span><\/h2><p>Stellen Sie uns Ihre Fragen! Unser Team hilft Ihnen gerne weiter. Gemeinsam mit unserem Team k\u00f6nnen wir Ihnen Folgendes bieten:  <\/p>\t\t\t\t\t\t\t\t<\/div>\n\t\t\t\t<div class=\"elementor-element elementor-element-9124c92 elementor-icon-list--layout-traditional elementor-list-item-link-full_width elementor-widget elementor-widget-icon-list\" data-id=\"9124c92\" data-element_type=\"widget\" data-e-type=\"widget\" data-widget_type=\"icon-list.default\">\n\t\t\t\t\t\t\t<ul class=\"elementor-icon-list-items\">\n\t\t\t\t\t\t\t<li class=\"elementor-icon-list-item\">\n\t\t\t\t\t\t\t\t\t\t\t<span class=\"elementor-icon-list-icon\">\n\t\t\t\t\t\t\t<i aria-hidden=\"true\" class=\"fas fa-check\"><\/i>\t\t\t\t\t\t<\/span>\n\t\t\t\t\t\t\t\t\t\t<span class=\"elementor-icon-list-text\">Technische und wirtschaftliche Beratung f\u00fcr das beste Kabeldesign<br><\/span>\n\t\t\t\t\t\t\t\t\t<\/li>\n\t\t\t\t\t\t\t\t<li class=\"elementor-icon-list-item\">\n\t\t\t\t\t\t\t\t\t\t\t<span class=\"elementor-icon-list-icon\">\n\t\t\t\t\t\t\t<i aria-hidden=\"true\" class=\"fas fa-check\"><\/i>\t\t\t\t\t\t<\/span>\n\t\t\t\t\t\t\t\t\t\t<span class=\"elementor-icon-list-text\">Breites Produktportfolio an Polyolefinen und Rohstoffen<br><\/span>\n\t\t\t\t\t\t\t\t\t<\/li>\n\t\t\t\t\t\t\t\t<li class=\"elementor-icon-list-item\">\n\t\t\t\t\t\t\t\t\t\t\t<span class=\"elementor-icon-list-icon\">\n\t\t\t\t\t\t\t<i aria-hidden=\"true\" class=\"fas fa-check\"><\/i>\t\t\t\t\t\t<\/span>\n\t\t\t\t\t\t\t\t\t\t<span class=\"elementor-icon-list-text\">Ausgepr\u00e4gte Kenntnisse der Verfahrenstechniken und der Kabelkonstruktion<\/span>\n\t\t\t\t\t\t\t\t\t<\/li>\n\t\t\t\t\t\t\t\t<li class=\"elementor-icon-list-item\">\n\t\t\t\t\t\t\t\t\t\t\t<span class=\"elementor-icon-list-icon\">\n\t\t\t\t\t\t\t<i aria-hidden=\"true\" class=\"fas fa-check\"><\/i>\t\t\t\t\t\t<\/span>\n\t\t\t\t\t\t\t\t\t\t<span class=\"elementor-icon-list-text\">Eine Kontaktperson and eine schnelle Reaktion<br><\/span>\n\t\t\t\t\t\t\t\t\t<\/li>\n\t\t\t\t\t\t\t\t<li class=\"elementor-icon-list-item\">\n\t\t\t\t\t\t\t\t\t\t\t<span class=\"elementor-icon-list-icon\">\n\t\t\t\t\t\t\t<i aria-hidden=\"true\" class=\"fas fa-check\"><\/i>\t\t\t\t\t\t<\/span>\n\t\t\t\t\t\t\t\t\t\t<span class=\"elementor-icon-list-text\">Ma\u00dfgeschneiderter Service &amp; rasche Lieferung<br><\/span>\n\t\t\t\t\t\t\t\t\t<\/li>\n\t\t\t\t\t\t\t\t<li class=\"elementor-icon-list-item\">\n\t\t\t\t\t\t\t\t\t\t\t<span class=\"elementor-icon-list-icon\">\n\t\t\t\t\t\t\t<i aria-hidden=\"true\" class=\"fas fa-check\"><\/i>\t\t\t\t\t\t<\/span>\n\t\t\t\t\t\t\t\t\t\t<span class=\"elementor-icon-list-text\">Eigene Produktionsst\u00e4tte mit ma\u00dfgeschneiderten Dienstleistungen<\/span>\n\t\t\t\t\t\t\t\t\t<\/li>\n\t\t\t\t\t\t<\/ul>\n\t\t\t\t\t\t<\/div>\n\t\t\t\t\t<\/div>\n\t\t<\/div>\n\t\t\t\t\t<\/div>\n\t\t<\/section>\n\t\t\t\t<section class=\"elementor-section elementor-inner-section elementor-element elementor-element-351349a elementor-section-boxed elementor-section-height-default elementor-section-height-default\" data-id=\"351349a\" data-element_type=\"section\" data-e-type=\"section\">\n\t\t\t\t\t\t<div class=\"elementor-container elementor-column-gap-default\">\n\t\t\t\t\t<div class=\"elementor-column elementor-col-100 elementor-inner-column elementor-element elementor-element-5f27f4c\" data-id=\"5f27f4c\" data-element_type=\"column\" data-e-type=\"column\">\n\t\t\t<div class=\"elementor-widget-wrap elementor-element-populated\">\n\t\t\t\t\t\t<div class=\"elementor-element elementor-element-2081b0a3 elementor-view-default elementor-position-block-start elementor-mobile-position-block-start elementor-widget elementor-widget-icon-box\" data-id=\"2081b0a3\" data-element_type=\"widget\" data-e-type=\"widget\" data-widget_type=\"icon-box.default\">\n\t\t\t\t\t\t\t<div class=\"elementor-icon-box-wrapper\">\n\n\t\t\t\t\t\t<div class=\"elementor-icon-box-icon\">\n\t\t\t\t<a href=\"https:\/\/hec-holland.com\/de\/kontakt\/\" class=\"elementor-icon\" tabindex=\"-1\" aria-label=\"Kontakt\">\n\t\t\t\t<i aria-hidden=\"true\" class=\"fas fa-mobile-alt\"><\/i>\t\t\t\t<\/a>\n\t\t\t<\/div>\n\t\t\t\n\t\t\t\t\t\t<div class=\"elementor-icon-box-content\">\n\n\t\t\t\t\t\t\t\t\t<h2 class=\"elementor-icon-box-title\">\n\t\t\t\t\t\t<a href=\"https:\/\/hec-holland.com\/de\/kontakt\/\" >\n\t\t\t\t\t\t\tKontakt\t\t\t\t\t\t<\/a>\n\t\t\t\t\t<\/h2>\n\t\t\t\t\n\t\t\t\t\n\t\t\t<\/div>\n\t\t\t\n\t\t<\/div>\n\t\t\t\t\t\t<\/div>\n\t\t\t\t<div class=\"elementor-element elementor-element-2cea6afc elementor-widget elementor-widget-text-editor\" data-id=\"2cea6afc\" data-element_type=\"widget\" data-e-type=\"widget\" data-widget_type=\"text-editor.default\">\n\t\t\t\t\t\t\t\t\t<p>Lassen Sie uns f\u00fcr Sie arbeiten, teilen uns Ihre Idee oder Vision und lassen Sie uns diese gemeinsam verwirklichen! Kontaktieren mit einem unserer Spezialisten per Telefon oder E-Mail. Wir bem\u00fchen uns innerhalb von 24 Stunden zu antworten. <\/p>\t\t\t\t\t\t\t\t<\/div>\n\t\t\t\t\t<\/div>\n\t\t<\/div>\n\t\t\t\t\t<\/div>\n\t\t<\/section>\n\t\t\t\t\t<\/div>\n\t\t<\/div>\n\t\t\t\t\t<\/div>\n\t\t<\/section>\n\t\t\t\t<\/div>\n\t\t","protected":false},"excerpt":{"rendered":"<p>HEC-Holland wurde 2007 gegr\u00fcndet und ist seit fast zwei Jahrzehnten ein etablierter Name in der Draht- und Kabelindustrie. Mit Hauptsitz [&hellip;]<\/p>\n","protected":false},"author":1,"featured_media":0,"parent":0,"menu_order":0,"comment_status":"closed","ping_status":"closed","template":"","meta":{"site-sidebar-layout":"default","site-content-layout":"","ast-site-content-layout":"default","site-content-style":"default","site-sidebar-style":"default","ast-global-header-display":"","ast-banner-title-visibility":"","ast-main-header-display":"","ast-hfb-above-header-display":"","ast-hfb-below-header-display":"","ast-hfb-mobile-header-display":"","site-post-title":"","ast-breadcrumbs-content":"","ast-featured-img":"","footer-sml-layout":"","ast-disable-related-posts":"","theme-transparent-header-meta":"","adv-header-id-meta":"","stick-header-meta":"","header-above-stick-meta":"","header-main-stick-meta":"","header-below-stick-meta":"","astra-migrate-meta-layouts":"default","ast-page-background-enabled":"default","ast-page-background-meta":{"desktop":{"background-color":"var(--ast-global-color-4)","background-image":"","background-repeat":"repeat","background-position":"center center","background-size":"auto","background-attachment":"scroll","background-type":"","background-media":"","overlay-type":"","overlay-color":"","overlay-opacity":"","overlay-gradient":""},"tablet":{"background-color":"","background-image":"","background-repeat":"repeat","background-position":"center center","background-size":"auto","background-attachment":"scroll","background-type":"","background-media":"","overlay-type":"","overlay-color":"","overlay-opacity":"","overlay-gradient":""},"mobile":{"background-color":"","background-image":"","background-repeat":"repeat","background-position":"center center","background-size":"auto","background-attachment":"scroll","background-type":"","background-media":"","overlay-type":"","overlay-color":"","overlay-opacity":"","overlay-gradient":""}},"ast-content-background-meta":{"desktop":{"background-color":"var(--ast-global-color-5)","background-image":"","background-repeat":"repeat","background-position":"center center","background-size":"auto","background-attachment":"scroll","background-type":"","background-media":"","overlay-type":"","overlay-color":"","overlay-opacity":"","overlay-gradient":""},"tablet":{"background-color":"var(--ast-global-color-5)","background-image":"","background-repeat":"repeat","background-position":"center center","background-size":"auto","background-attachment":"scroll","background-type":"","background-media":"","overlay-type":"","overlay-color":"","overlay-opacity":"","overlay-gradient":""},"mobile":{"background-color":"var(--ast-global-color-5)","background-image":"","background-repeat":"repeat","background-position":"center center","background-size":"auto","background-attachment":"scroll","background-type":"","background-media":"","overlay-type":"","overlay-color":"","overlay-opacity":"","overlay-gradient":""}},"footnotes":""},"class_list":["post-9685","page","type-page","status-publish","hentry"],"yoast_head":"<!-- This site is optimized with the Yoast SEO Premium plugin v26.6 (Yoast SEO v27.3) - https:\/\/yoast.com\/product\/yoast-seo-premium-wordpress\/ -->\n<title>Mission | Connecting the best professionals - HEC-Holland<\/title>\n<meta name=\"description\" content=\"Unsere Mission: die weltweit besten Fachleute der Kabelindustrie vernetzen. Your cable, our connection!\" \/>\n<meta name=\"robots\" content=\"index, follow, max-snippet:-1, max-image-preview:large, max-video-preview:-1\" \/>\n<link rel=\"canonical\" href=\"https:\/\/hec-holland.com\/de\/mission\/\" \/>\n<meta property=\"og:locale\" content=\"de_DE\" \/>\n<meta property=\"og:type\" content=\"article\" \/>\n<meta property=\"og:title\" content=\"Mission\" \/>\n<meta property=\"og:description\" content=\"Unsere Mission: die weltweit besten Fachleute der Kabelindustrie vernetzen. Your cable, our connection!\" \/>\n<meta property=\"og:url\" content=\"https:\/\/hec-holland.com\/de\/mission\/\" \/>\n<meta property=\"og:site_name\" content=\"HEC-Holland\" \/>\n<meta property=\"article:modified_time\" content=\"2025-11-04T14:44:11+00:00\" \/>\n<meta property=\"og:image\" content=\"https:\/\/hec-holland.com\/wp-content\/uploads\/2025\/11\/mission-global.jpg\" \/>\n\t<meta property=\"og:image:width\" content=\"1024\" \/>\n\t<meta property=\"og:image:height\" content=\"684\" \/>\n\t<meta property=\"og:image:type\" content=\"image\/jpeg\" \/>\n<meta name=\"twitter:card\" content=\"summary_large_image\" \/>\n<meta name=\"twitter:site\" content=\"@hec_holland\" \/>\n<meta name=\"twitter:label1\" content=\"Gesch\u00e4tzte Lesezeit\" \/>\n\t<meta name=\"twitter:data1\" content=\"3\u00a0Minuten\" \/>\n<script type=\"application\/ld+json\" class=\"yoast-schema-graph\">{\"@context\":\"https:\\\/\\\/schema.org\",\"@graph\":[{\"@type\":\"WebPage\",\"@id\":\"https:\\\/\\\/hec-holland.com\\\/de\\\/mission\\\/\",\"url\":\"https:\\\/\\\/hec-holland.com\\\/de\\\/mission\\\/\",\"name\":\"Mission | Connecting the best professionals - HEC-Holland\",\"isPartOf\":{\"@id\":\"https:\\\/\\\/hec-holland.com\\\/de\\\/#website\"},\"primaryImageOfPage\":{\"@id\":\"https:\\\/\\\/hec-holland.com\\\/de\\\/mission\\\/#primaryimage\"},\"image\":{\"@id\":\"https:\\\/\\\/hec-holland.com\\\/de\\\/mission\\\/#primaryimage\"},\"thumbnailUrl\":\"https:\\\/\\\/hec-holland.com\\\/wp-content\\\/uploads\\\/2025\\\/11\\\/mission-global.jpg\",\"datePublished\":\"2019-05-28T11:00:03+00:00\",\"dateModified\":\"2025-11-04T14:44:11+00:00\",\"description\":\"Unsere Mission: die weltweit besten Fachleute der Kabelindustrie vernetzen. Your cable, our connection!\",\"breadcrumb\":{\"@id\":\"https:\\\/\\\/hec-holland.com\\\/de\\\/mission\\\/#breadcrumb\"},\"inLanguage\":\"de\",\"potentialAction\":[{\"@type\":\"ReadAction\",\"target\":[\"https:\\\/\\\/hec-holland.com\\\/de\\\/mission\\\/\"]}]},{\"@type\":\"ImageObject\",\"inLanguage\":\"de\",\"@id\":\"https:\\\/\\\/hec-holland.com\\\/de\\\/mission\\\/#primaryimage\",\"url\":\"https:\\\/\\\/hec-holland.com\\\/wp-content\\\/uploads\\\/2025\\\/11\\\/mission-global.jpg\",\"contentUrl\":\"https:\\\/\\\/hec-holland.com\\\/wp-content\\\/uploads\\\/2025\\\/11\\\/mission-global.jpg\"},{\"@type\":\"BreadcrumbList\",\"@id\":\"https:\\\/\\\/hec-holland.com\\\/de\\\/mission\\\/#breadcrumb\",\"itemListElement\":[{\"@type\":\"ListItem\",\"position\":1,\"name\":\"Home\",\"item\":\"https:\\\/\\\/hec-holland.com\\\/de\\\/startseite\\\/\"},{\"@type\":\"ListItem\",\"position\":2,\"name\":\"Mission\"}]},{\"@type\":\"WebSite\",\"@id\":\"https:\\\/\\\/hec-holland.com\\\/de\\\/#website\",\"url\":\"https:\\\/\\\/hec-holland.com\\\/de\\\/\",\"name\":\"HEC-Holland\",\"description\":\"Your cable, Our connection\",\"publisher\":{\"@id\":\"https:\\\/\\\/hec-holland.com\\\/de\\\/#organization\"},\"potentialAction\":[{\"@type\":\"SearchAction\",\"target\":{\"@type\":\"EntryPoint\",\"urlTemplate\":\"https:\\\/\\\/hec-holland.com\\\/de\\\/?s={search_term_string}\"},\"query-input\":{\"@type\":\"PropertyValueSpecification\",\"valueRequired\":true,\"valueName\":\"search_term_string\"}}],\"inLanguage\":\"de\"},{\"@type\":\"Organization\",\"@id\":\"https:\\\/\\\/hec-holland.com\\\/de\\\/#organization\",\"name\":\"HEC-Holland\",\"alternateName\":\"HEC-Holland\",\"url\":\"https:\\\/\\\/hec-holland.com\\\/de\\\/\",\"logo\":{\"@type\":\"ImageObject\",\"inLanguage\":\"de\",\"@id\":\"https:\\\/\\\/hec-holland.com\\\/de\\\/#\\\/schema\\\/logo\\\/image\\\/\",\"url\":\"https:\\\/\\\/hec-holland.com\\\/wp-content\\\/uploads\\\/2019\\\/01\\\/Logo-HEC-Holland.png\",\"contentUrl\":\"https:\\\/\\\/hec-holland.com\\\/wp-content\\\/uploads\\\/2019\\\/01\\\/Logo-HEC-Holland.png\",\"width\":247,\"height\":62,\"caption\":\"HEC-Holland\"},\"image\":{\"@id\":\"https:\\\/\\\/hec-holland.com\\\/de\\\/#\\\/schema\\\/logo\\\/image\\\/\"},\"sameAs\":[\"https:\\\/\\\/x.com\\\/hec_holland\",\"https:\\\/\\\/www.linkedin.com\\\/company\\\/hec-holland\\\/\",\"https:\\\/\\\/www.instagram.com\\\/hec_holland\",\"https:\\\/\\\/www.youtube.com\\\/@hecholland\"],\"email\":\"marketing@hec-holland.com\",\"telephone\":\"0263792767\",\"numberOfEmployees\":{\"@type\":\"QuantitativeValue\",\"minValue\":\"11\",\"maxValue\":\"50\"}}]}<\/script>\n<!-- \/ Yoast SEO Premium plugin. -->","yoast_head_json":{"title":"Mission | Connecting the best professionals - HEC-Holland","description":"Unsere Mission: die weltweit besten Fachleute der Kabelindustrie vernetzen. Your cable, our connection!","robots":{"index":"index","follow":"follow","max-snippet":"max-snippet:-1","max-image-preview":"max-image-preview:large","max-video-preview":"max-video-preview:-1"},"canonical":"https:\/\/hec-holland.com\/de\/mission\/","og_locale":"de_DE","og_type":"article","og_title":"Mission","og_description":"Unsere Mission: die weltweit besten Fachleute der Kabelindustrie vernetzen. Your cable, our connection!","og_url":"https:\/\/hec-holland.com\/de\/mission\/","og_site_name":"HEC-Holland","article_modified_time":"2025-11-04T14:44:11+00:00","og_image":[{"width":1024,"height":684,"url":"https:\/\/hec-holland.com\/wp-content\/uploads\/2025\/11\/mission-global.jpg","type":"image\/jpeg"}],"twitter_card":"summary_large_image","twitter_site":"@hec_holland","twitter_misc":{"Gesch\u00e4tzte Lesezeit":"3\u00a0Minuten"},"schema":{"@context":"https:\/\/schema.org","@graph":[{"@type":"WebPage","@id":"https:\/\/hec-holland.com\/de\/mission\/","url":"https:\/\/hec-holland.com\/de\/mission\/","name":"Mission | Connecting the best professionals - HEC-Holland","isPartOf":{"@id":"https:\/\/hec-holland.com\/de\/#website"},"primaryImageOfPage":{"@id":"https:\/\/hec-holland.com\/de\/mission\/#primaryimage"},"image":{"@id":"https:\/\/hec-holland.com\/de\/mission\/#primaryimage"},"thumbnailUrl":"https:\/\/hec-holland.com\/wp-content\/uploads\/2025\/11\/mission-global.jpg","datePublished":"2019-05-28T11:00:03+00:00","dateModified":"2025-11-04T14:44:11+00:00","description":"Unsere Mission: die weltweit besten Fachleute der Kabelindustrie vernetzen. Your cable, our connection!","breadcrumb":{"@id":"https:\/\/hec-holland.com\/de\/mission\/#breadcrumb"},"inLanguage":"de","potentialAction":[{"@type":"ReadAction","target":["https:\/\/hec-holland.com\/de\/mission\/"]}]},{"@type":"ImageObject","inLanguage":"de","@id":"https:\/\/hec-holland.com\/de\/mission\/#primaryimage","url":"https:\/\/hec-holland.com\/wp-content\/uploads\/2025\/11\/mission-global.jpg","contentUrl":"https:\/\/hec-holland.com\/wp-content\/uploads\/2025\/11\/mission-global.jpg"},{"@type":"BreadcrumbList","@id":"https:\/\/hec-holland.com\/de\/mission\/#breadcrumb","itemListElement":[{"@type":"ListItem","position":1,"name":"Home","item":"https:\/\/hec-holland.com\/de\/startseite\/"},{"@type":"ListItem","position":2,"name":"Mission"}]},{"@type":"WebSite","@id":"https:\/\/hec-holland.com\/de\/#website","url":"https:\/\/hec-holland.com\/de\/","name":"HEC-Holland","description":"Your cable, Our connection","publisher":{"@id":"https:\/\/hec-holland.com\/de\/#organization"},"potentialAction":[{"@type":"SearchAction","target":{"@type":"EntryPoint","urlTemplate":"https:\/\/hec-holland.com\/de\/?s={search_term_string}"},"query-input":{"@type":"PropertyValueSpecification","valueRequired":true,"valueName":"search_term_string"}}],"inLanguage":"de"},{"@type":"Organization","@id":"https:\/\/hec-holland.com\/de\/#organization","name":"HEC-Holland","alternateName":"HEC-Holland","url":"https:\/\/hec-holland.com\/de\/","logo":{"@type":"ImageObject","inLanguage":"de","@id":"https:\/\/hec-holland.com\/de\/#\/schema\/logo\/image\/","url":"https:\/\/hec-holland.com\/wp-content\/uploads\/2019\/01\/Logo-HEC-Holland.png","contentUrl":"https:\/\/hec-holland.com\/wp-content\/uploads\/2019\/01\/Logo-HEC-Holland.png","width":247,"height":62,"caption":"HEC-Holland"},"image":{"@id":"https:\/\/hec-holland.com\/de\/#\/schema\/logo\/image\/"},"sameAs":["https:\/\/x.com\/hec_holland","https:\/\/www.linkedin.com\/company\/hec-holland\/","https:\/\/www.instagram.com\/hec_holland","https:\/\/www.youtube.com\/@hecholland"],"email":"marketing@hec-holland.com","telephone":"0263792767","numberOfEmployees":{"@type":"QuantitativeValue","minValue":"11","maxValue":"50"}}]}},"_links":{"self":[{"href":"https:\/\/hec-holland.com\/de\/wp-json\/wp\/v2\/pages\/9685","targetHints":{"allow":["GET"]}}],"collection":[{"href":"https:\/\/hec-holland.com\/de\/wp-json\/wp\/v2\/pages"}],"about":[{"href":"https:\/\/hec-holland.com\/de\/wp-json\/wp\/v2\/types\/page"}],"author":[{"embeddable":true,"href":"https:\/\/hec-holland.com\/de\/wp-json\/wp\/v2\/users\/1"}],"replies":[{"embeddable":true,"href":"https:\/\/hec-holland.com\/de\/wp-json\/wp\/v2\/comments?post=9685"}],"version-history":[{"count":32,"href":"https:\/\/hec-holland.com\/de\/wp-json\/wp\/v2\/pages\/9685\/revisions"}],"predecessor-version":[{"id":27080,"href":"https:\/\/hec-holland.com\/de\/wp-json\/wp\/v2\/pages\/9685\/revisions\/27080"}],"wp:attachment":[{"href":"https:\/\/hec-holland.com\/de\/wp-json\/wp\/v2\/media?parent=9685"}],"curies":[{"name":"wp","href":"https:\/\/api.w.org\/{rel}","templated":true}]}}