{"id":9832,"date":"2019-10-08T08:12:06","date_gmt":"2019-10-08T06:12:06","guid":{"rendered":"https:\/\/hec-holland.com\/tecnical-dienstleistungen\/"},"modified":"2024-12-17T16:03:56","modified_gmt":"2024-12-17T15:03:56","slug":"technische-dienstleistungen","status":"publish","type":"page","link":"https:\/\/hec-holland.com\/de\/technische-dienstleistungen\/","title":{"rendered":"Technische Dienstleistungen"},"content":{"rendered":"\t\t<div data-elementor-type=\"wp-page\" data-elementor-id=\"9832\" class=\"elementor elementor-9832 elementor-4726\" data-elementor-post-type=\"page\">\n\t\t\t\t\t\t<section class=\"elementor-section elementor-top-section elementor-element elementor-element-59b0665 elementor-section-boxed elementor-section-height-default elementor-section-height-default\" data-id=\"59b0665\" data-element_type=\"section\" data-e-type=\"section\" data-settings=\"{&quot;background_background&quot;:&quot;classic&quot;}\">\n\t\t\t\t\t\t<div class=\"elementor-container elementor-column-gap-default\">\n\t\t\t\t\t<div class=\"elementor-column elementor-col-100 elementor-top-column elementor-element elementor-element-cbdfe21\" data-id=\"cbdfe21\" data-element_type=\"column\" data-e-type=\"column\">\n\t\t\t<div class=\"elementor-widget-wrap elementor-element-populated\">\n\t\t\t\t\t\t<div class=\"elementor-element elementor-element-ca9632b elementor-widget elementor-widget-heading\" data-id=\"ca9632b\" data-element_type=\"widget\" data-e-type=\"widget\" data-widget_type=\"heading.default\">\n\t\t\t\t\t<h1 class=\"elementor-heading-title elementor-size-default\">Technische Dienstleistungen<\/h1>\t\t\t\t<\/div>\n\t\t\t\t<div class=\"elementor-element elementor-element-bdb91c0 elementor-widget-divider--view-line elementor-widget elementor-widget-divider\" data-id=\"bdb91c0\" data-element_type=\"widget\" data-e-type=\"widget\" data-widget_type=\"divider.default\">\n\t\t\t\t\t\t\t<div class=\"elementor-divider\">\n\t\t\t<span class=\"elementor-divider-separator\">\n\t\t\t\t\t\t<\/span>\n\t\t<\/div>\n\t\t\t\t\t\t<\/div>\n\t\t\t\t\t<\/div>\n\t\t<\/div>\n\t\t\t\t\t<\/div>\n\t\t<\/section>\n\t\t\t\t<section class=\"elementor-section elementor-top-section elementor-element elementor-element-9785dfa elementor-section-boxed elementor-section-height-default elementor-section-height-default\" data-id=\"9785dfa\" data-element_type=\"section\" data-e-type=\"section\" data-settings=\"{&quot;background_background&quot;:&quot;classic&quot;}\">\n\t\t\t\t\t\t<div class=\"elementor-container elementor-column-gap-default\">\n\t\t\t\t\t<div class=\"elementor-column elementor-col-50 elementor-top-column elementor-element elementor-element-c5754c3\" data-id=\"c5754c3\" data-element_type=\"column\" data-e-type=\"column\">\n\t\t\t<div class=\"elementor-widget-wrap elementor-element-populated\">\n\t\t\t\t\t\t<div class=\"elementor-element elementor-element-ea51668 elementor-widget elementor-widget-heading\" data-id=\"ea51668\" data-element_type=\"widget\" data-e-type=\"widget\" data-widget_type=\"heading.default\">\n\t\t\t\t\t<p class=\"elementor-heading-title elementor-size-default\">Unser Verkaufsteam und Produktingenieuren bringen langj\u00e4hrige Erfahrung und technische Kompetenz mit. Wir stehen f\u00fcr Sie da.<\/p>\t\t\t\t<\/div>\n\t\t\t\t<div class=\"elementor-element elementor-element-a35c7db elementor-widget elementor-widget-text-editor\" data-id=\"a35c7db\" data-element_type=\"widget\" data-e-type=\"widget\" data-widget_type=\"text-editor.default\">\n\t\t\t\t\t\t\t\t\t<p>Ob es von unser B\u00fcro ist oder vor Ort &#8211; wir unterst\u00fctzen Sie und Ihre Mitarbeiter auf jede erdenkliche Weise bei der \u00dcberwindung technischer H\u00fcrden. Gemeinsam k\u00f6nnen wir neue innovative Wege eingehen, die zu besseren Ergebnissen f\u00fchren!<\/p>\t\t\t\t\t\t\t\t<\/div>\n\t\t\t\t<div class=\"elementor-element elementor-element-d515a1b elementor-widget elementor-widget-text-editor\" data-id=\"d515a1b\" data-element_type=\"widget\" data-e-type=\"widget\" data-widget_type=\"text-editor.default\">\n\t\t\t\t\t\t\t\t\t<blockquote><em>F\u00fcr uns z\u00e4hlt Ihr Ergebnis!<\/blockquote><\/em>\t\t\t\t\t\t\t\t<\/div>\n\t\t\t\t\t<\/div>\n\t\t<\/div>\n\t\t\t\t<div class=\"elementor-column elementor-col-50 elementor-top-column elementor-element elementor-element-84e691c\" data-id=\"84e691c\" data-element_type=\"column\" data-e-type=\"column\">\n\t\t\t<div class=\"elementor-widget-wrap elementor-element-populated\">\n\t\t\t\t\t\t<div class=\"elementor-element elementor-element-e553153 elementor-arrows-position-inside elementor-pagination-position-outside elementor-widget elementor-widget-image-carousel\" data-id=\"e553153\" data-element_type=\"widget\" data-e-type=\"widget\" data-settings=\"{&quot;slides_to_show&quot;:&quot;1&quot;,&quot;navigation&quot;:&quot;both&quot;,&quot;autoplay&quot;:&quot;yes&quot;,&quot;pause_on_hover&quot;:&quot;yes&quot;,&quot;pause_on_interaction&quot;:&quot;yes&quot;,&quot;autoplay_speed&quot;:5000,&quot;infinite&quot;:&quot;yes&quot;,&quot;effect&quot;:&quot;slide&quot;,&quot;speed&quot;:500}\" data-widget_type=\"image-carousel.default\">\n\t\t\t\t\t\t\t<div class=\"elementor-image-carousel-wrapper swiper\" role=\"region\" aria-roledescription=\"carousel\" aria-label=\"Bild Karussell\" dir=\"ltr\">\n\t\t\t<div class=\"elementor-image-carousel swiper-wrapper\" aria-live=\"off\">\n\t\t\t\t\t\t\t\t<div class=\"swiper-slide\" role=\"group\" aria-roledescription=\"slide\" aria-label=\"1 von 3\"><figure class=\"swiper-slide-inner\"><img decoding=\"async\" class=\"swiper-slide-image\" src=\"https:\/\/hec-holland.com\/wp-content\/uploads\/2023\/09\/HEC-technical-service-02.jpg\" alt=\"HEC technische dienstleistungen 02\" \/><\/figure><\/div><div class=\"swiper-slide\" role=\"group\" aria-roledescription=\"slide\" aria-label=\"2 von 3\"><figure class=\"swiper-slide-inner\"><img decoding=\"async\" class=\"swiper-slide-image\" src=\"https:\/\/hec-holland.com\/wp-content\/uploads\/2023\/09\/HEC-technical-service-01.jpg\" alt=\"HEC technische dienstleistungen 01\" \/><\/figure><\/div><div class=\"swiper-slide\" role=\"group\" aria-roledescription=\"slide\" aria-label=\"3 von 3\"><figure class=\"swiper-slide-inner\"><img decoding=\"async\" class=\"swiper-slide-image\" src=\"https:\/\/hec-holland.com\/wp-content\/uploads\/2019\/09\/Experts-Company-HEC-Holland-1.jpg\" alt=\"Experten Unternehmen HEC Holland\" \/><\/figure><\/div>\t\t\t<\/div>\n\t\t\t\t\t\t\t\t\t\t\t\t<div class=\"elementor-swiper-button elementor-swiper-button-prev\" role=\"button\" tabindex=\"0\">\n\t\t\t\t\t\t<i aria-hidden=\"true\" class=\"fas fa-arrow-alt-circle-left\"><\/i>\t\t\t\t\t<\/div>\n\t\t\t\t\t<div class=\"elementor-swiper-button elementor-swiper-button-next\" role=\"button\" tabindex=\"0\">\n\t\t\t\t\t\t<i aria-hidden=\"true\" class=\"fas fa-arrow-alt-circle-right\"><\/i>\t\t\t\t\t<\/div>\n\t\t\t\t\n\t\t\t\t\t\t\t\t\t<div class=\"swiper-pagination\"><\/div>\n\t\t\t\t\t\t\t\t\t<\/div>\n\t\t\t\t\t\t<\/div>\n\t\t\t\t\t<\/div>\n\t\t<\/div>\n\t\t\t\t\t<\/div>\n\t\t<\/section>\n\t\t\t\t<section class=\"elementor-section elementor-inner-section elementor-element elementor-element-46c7ad7e elementor-section-boxed elementor-section-height-default elementor-section-height-default\" data-id=\"46c7ad7e\" data-element_type=\"section\" data-e-type=\"section\">\n\t\t\t\t\t\t<div class=\"elementor-container elementor-column-gap-default\">\n\t\t\t\t\t<div class=\"elementor-column elementor-col-50 elementor-inner-column elementor-element elementor-element-4da3f83\" data-id=\"4da3f83\" data-element_type=\"column\" data-e-type=\"column\">\n\t\t\t<div class=\"elementor-widget-wrap elementor-element-populated\">\n\t\t\t\t\t\t<div class=\"elementor-element elementor-element-89bf129 elementor-widget elementor-widget-image\" data-id=\"89bf129\" data-element_type=\"widget\" data-e-type=\"widget\" data-widget_type=\"image.default\">\n\t\t\t\t\t\t\t\t\t\t\t\t\t\t\t<img fetchpriority=\"high\" decoding=\"async\" width=\"1024\" height=\"410\" src=\"https:\/\/hec-holland.com\/wp-content\/uploads\/2023\/09\/team-hec-holland-02.jpg\" class=\"attachment-full size-full wp-image-12143\" alt=\"Team HEC-Holland 02\" srcset=\"https:\/\/hec-holland.com\/wp-content\/uploads\/2023\/09\/team-hec-holland-02.jpg 1024w, https:\/\/hec-holland.com\/wp-content\/uploads\/2023\/09\/team-hec-holland-02-300x120.jpg 300w, https:\/\/hec-holland.com\/wp-content\/uploads\/2023\/09\/team-hec-holland-02-768x308.jpg 768w\" sizes=\"(max-width: 1024px) 100vw, 1024px\" \/>\t\t\t\t\t\t\t\t\t\t\t\t\t\t\t<\/div>\n\t\t\t\t\t<\/div>\n\t\t<\/div>\n\t\t\t\t<div class=\"elementor-column elementor-col-50 elementor-inner-column elementor-element elementor-element-4b8679c5\" data-id=\"4b8679c5\" data-element_type=\"column\" data-e-type=\"column\" data-settings=\"{&quot;background_background&quot;:&quot;classic&quot;}\">\n\t\t\t<div class=\"elementor-widget-wrap elementor-element-populated\">\n\t\t\t\t\t\t<div class=\"elementor-element elementor-element-5fd0f8a elementor-widget elementor-widget-heading\" data-id=\"5fd0f8a\" data-element_type=\"widget\" data-e-type=\"widget\" data-widget_type=\"heading.default\">\n\t\t\t\t\t<h2 class=\"elementor-heading-title elementor-size-default\">Kontakt<\/h2>\t\t\t\t<\/div>\n\t\t\t\t<div class=\"elementor-element elementor-element-70a44dc4 wit elementor-widget elementor-widget-text-editor\" data-id=\"70a44dc4\" data-element_type=\"widget\" data-e-type=\"widget\" data-widget_type=\"text-editor.default\">\n\t\t\t\t\t\t\t\t\t<p>F\u00fcr weitere Informationen wenden Sie sich bitte an unser B\u00fcro: +31 (0)26 379 2767 &#8211;<span style=\"color: #ffffff;\"> <a style=\"color: #ffffff;\" href=\"mailto:info@hec-holland.com\">info@hec-holland.com<\/a><\/span><\/p>\t\t\t\t\t\t\t\t<\/div>\n\t\t\t\t<div class=\"elementor-element elementor-element-294d4428 elementor-widget elementor-widget-button\" data-id=\"294d4428\" data-element_type=\"widget\" data-e-type=\"widget\" data-widget_type=\"button.default\">\n\t\t\t\t\t\t\t\t\t\t<a class=\"elementor-button elementor-button-link elementor-size-sm\" href=\"https:\/\/hec-holland.com\/de\/kontakt\/\">\n\t\t\t\t\t\t<span class=\"elementor-button-content-wrapper\">\n\t\t\t\t\t\t<span class=\"elementor-button-icon\">\n\t\t\t\t<i aria-hidden=\"true\" class=\"fas fa-chevron-right\"><\/i>\t\t\t<\/span>\n\t\t\t\t\t\t\t\t\t<span class=\"elementor-button-text\">Kontakt<\/span>\n\t\t\t\t\t<\/span>\n\t\t\t\t\t<\/a>\n\t\t\t\t\t\t\t\t<\/div>\n\t\t\t\t\t<\/div>\n\t\t<\/div>\n\t\t\t\t\t<\/div>\n\t\t<\/section>\n\t\t\t\t<\/div>\n\t\t","protected":false},"excerpt":{"rendered":"<p>Technische Dienstleistungen Unser Verkaufsteam und Produktingenieuren bringen langj\u00e4hrige Erfahrung und technische Kompetenz mit. Wir stehen f\u00fcr Sie da. Ob es [&hellip;]<\/p>\n","protected":false},"author":1,"featured_media":0,"parent":0,"menu_order":0,"comment_status":"closed","ping_status":"closed","template":"","meta":{"site-sidebar-layout":"default","site-content-layout":"","ast-site-content-layout":"default","site-content-style":"default","site-sidebar-style":"default","ast-global-header-display":"","ast-banner-title-visibility":"","ast-main-header-display":"","ast-hfb-above-header-display":"","ast-hfb-below-header-display":"","ast-hfb-mobile-header-display":"","site-post-title":"","ast-breadcrumbs-content":"","ast-featured-img":"","footer-sml-layout":"","ast-disable-related-posts":"","theme-transparent-header-meta":"","adv-header-id-meta":"","stick-header-meta":"","header-above-stick-meta":"","header-main-stick-meta":"","header-below-stick-meta":"","astra-migrate-meta-layouts":"default","ast-page-background-enabled":"default","ast-page-background-meta":{"desktop":{"background-color":"var(--ast-global-color-4)","background-image":"","background-repeat":"repeat","background-position":"center center","background-size":"auto","background-attachment":"scroll","background-type":"","background-media":"","overlay-type":"","overlay-color":"","overlay-opacity":"","overlay-gradient":""},"tablet":{"background-color":"","background-image":"","background-repeat":"repeat","background-position":"center center","background-size":"auto","background-attachment":"scroll","background-type":"","background-media":"","overlay-type":"","overlay-color":"","overlay-opacity":"","overlay-gradient":""},"mobile":{"background-color":"","background-image":"","background-repeat":"repeat","background-position":"center center","background-size":"auto","background-attachment":"scroll","background-type":"","background-media":"","overlay-type":"","overlay-color":"","overlay-opacity":"","overlay-gradient":""}},"ast-content-background-meta":{"desktop":{"background-color":"var(--ast-global-color-5)","background-image":"","background-repeat":"repeat","background-position":"center center","background-size":"auto","background-attachment":"scroll","background-type":"","background-media":"","overlay-type":"","overlay-color":"","overlay-opacity":"","overlay-gradient":""},"tablet":{"background-color":"var(--ast-global-color-5)","background-image":"","background-repeat":"repeat","background-position":"center center","background-size":"auto","background-attachment":"scroll","background-type":"","background-media":"","overlay-type":"","overlay-color":"","overlay-opacity":"","overlay-gradient":""},"mobile":{"background-color":"var(--ast-global-color-5)","background-image":"","background-repeat":"repeat","background-position":"center center","background-size":"auto","background-attachment":"scroll","background-type":"","background-media":"","overlay-type":"","overlay-color":"","overlay-opacity":"","overlay-gradient":""}},"footnotes":""},"class_list":["post-9832","page","type-page","status-publish","hentry"],"yoast_head":"<!-- This site is optimized with the Yoast SEO Premium plugin v26.6 (Yoast SEO v27.3) - https:\/\/yoast.com\/product\/yoast-seo-premium-wordpress\/ -->\n<title>| Kabelmarkt | HEC-Holland<\/title>\n<meta name=\"description\" content=\"HEC Holland bietet die besten Konvertierungsdienstleistungen f\u00fcr die Kabelindustrie. Aufwickeln auf Standard- oder Spezialspulen, Mutterrollen, Pads oder Spulen. Kontaktieren Sie uns!\" \/>\n<meta name=\"robots\" content=\"index, follow, max-snippet:-1, max-image-preview:large, max-video-preview:-1\" \/>\n<link rel=\"canonical\" href=\"https:\/\/hec-holland.com\/de\/technische-dienstleistungen\/\" \/>\n<meta property=\"og:locale\" content=\"de_DE\" \/>\n<meta property=\"og:type\" content=\"article\" \/>\n<meta property=\"og:title\" content=\"Technische Dienstleistungen\" \/>\n<meta property=\"og:description\" content=\"HEC Holland bietet die besten Konvertierungsdienstleistungen f\u00fcr die Kabelindustrie. Aufwickeln auf Standard- oder Spezialspulen, Mutterrollen, Pads oder Spulen. Kontaktieren Sie uns!\" \/>\n<meta property=\"og:url\" content=\"https:\/\/hec-holland.com\/de\/technische-dienstleistungen\/\" \/>\n<meta property=\"og:site_name\" content=\"HEC-Holland\" \/>\n<meta property=\"article:modified_time\" content=\"2024-12-17T15:03:56+00:00\" \/>\n<meta property=\"og:image\" content=\"https:\/\/hec-holland.com\/wp-content\/uploads\/2023\/09\/HEC-technical-service-02.jpg\" \/>\n<meta name=\"twitter:card\" content=\"summary_large_image\" \/>\n<meta name=\"twitter:site\" content=\"@hec_holland\" \/>\n<meta name=\"twitter:label1\" content=\"Gesch\u00e4tzte Lesezeit\" \/>\n\t<meta name=\"twitter:data1\" content=\"2\u00a0Minuten\" \/>\n<script type=\"application\/ld+json\" class=\"yoast-schema-graph\">{\"@context\":\"https:\\\/\\\/schema.org\",\"@graph\":[{\"@type\":\"WebPage\",\"@id\":\"https:\\\/\\\/hec-holland.com\\\/de\\\/technische-dienstleistungen\\\/\",\"url\":\"https:\\\/\\\/hec-holland.com\\\/de\\\/technische-dienstleistungen\\\/\",\"name\":\"| Kabelmarkt | HEC-Holland\",\"isPartOf\":{\"@id\":\"https:\\\/\\\/hec-holland.com\\\/de\\\/#website\"},\"primaryImageOfPage\":{\"@id\":\"https:\\\/\\\/hec-holland.com\\\/de\\\/technische-dienstleistungen\\\/#primaryimage\"},\"image\":{\"@id\":\"https:\\\/\\\/hec-holland.com\\\/de\\\/technische-dienstleistungen\\\/#primaryimage\"},\"thumbnailUrl\":\"https:\\\/\\\/hec-holland.com\\\/wp-content\\\/uploads\\\/2023\\\/09\\\/HEC-technical-service-02.jpg\",\"datePublished\":\"2019-10-08T06:12:06+00:00\",\"dateModified\":\"2024-12-17T15:03:56+00:00\",\"description\":\"HEC Holland bietet die besten Konvertierungsdienstleistungen f\u00fcr die Kabelindustrie. Aufwickeln auf Standard- oder Spezialspulen, Mutterrollen, Pads oder Spulen. Kontaktieren Sie uns!\",\"breadcrumb\":{\"@id\":\"https:\\\/\\\/hec-holland.com\\\/de\\\/technische-dienstleistungen\\\/#breadcrumb\"},\"inLanguage\":\"de\",\"potentialAction\":[{\"@type\":\"ReadAction\",\"target\":[\"https:\\\/\\\/hec-holland.com\\\/de\\\/technische-dienstleistungen\\\/\"]}]},{\"@type\":\"ImageObject\",\"inLanguage\":\"de\",\"@id\":\"https:\\\/\\\/hec-holland.com\\\/de\\\/technische-dienstleistungen\\\/#primaryimage\",\"url\":\"https:\\\/\\\/hec-holland.com\\\/wp-content\\\/uploads\\\/2023\\\/09\\\/HEC-technical-service-02.jpg\",\"contentUrl\":\"https:\\\/\\\/hec-holland.com\\\/wp-content\\\/uploads\\\/2023\\\/09\\\/HEC-technical-service-02.jpg\"},{\"@type\":\"BreadcrumbList\",\"@id\":\"https:\\\/\\\/hec-holland.com\\\/de\\\/technische-dienstleistungen\\\/#breadcrumb\",\"itemListElement\":[{\"@type\":\"ListItem\",\"position\":1,\"name\":\"Home\",\"item\":\"https:\\\/\\\/hec-holland.com\\\/de\\\/startseite\\\/\"},{\"@type\":\"ListItem\",\"position\":2,\"name\":\"Technische Dienstleistungen\"}]},{\"@type\":\"WebSite\",\"@id\":\"https:\\\/\\\/hec-holland.com\\\/de\\\/#website\",\"url\":\"https:\\\/\\\/hec-holland.com\\\/de\\\/\",\"name\":\"HEC-Holland\",\"description\":\"Your cable, Our connection\",\"publisher\":{\"@id\":\"https:\\\/\\\/hec-holland.com\\\/de\\\/#organization\"},\"potentialAction\":[{\"@type\":\"SearchAction\",\"target\":{\"@type\":\"EntryPoint\",\"urlTemplate\":\"https:\\\/\\\/hec-holland.com\\\/de\\\/?s={search_term_string}\"},\"query-input\":{\"@type\":\"PropertyValueSpecification\",\"valueRequired\":true,\"valueName\":\"search_term_string\"}}],\"inLanguage\":\"de\"},{\"@type\":\"Organization\",\"@id\":\"https:\\\/\\\/hec-holland.com\\\/de\\\/#organization\",\"name\":\"HEC-Holland\",\"alternateName\":\"HEC-Holland\",\"url\":\"https:\\\/\\\/hec-holland.com\\\/de\\\/\",\"logo\":{\"@type\":\"ImageObject\",\"inLanguage\":\"de\",\"@id\":\"https:\\\/\\\/hec-holland.com\\\/de\\\/#\\\/schema\\\/logo\\\/image\\\/\",\"url\":\"https:\\\/\\\/hec-holland.com\\\/wp-content\\\/uploads\\\/2019\\\/01\\\/Logo-HEC-Holland.png\",\"contentUrl\":\"https:\\\/\\\/hec-holland.com\\\/wp-content\\\/uploads\\\/2019\\\/01\\\/Logo-HEC-Holland.png\",\"width\":247,\"height\":62,\"caption\":\"HEC-Holland\"},\"image\":{\"@id\":\"https:\\\/\\\/hec-holland.com\\\/de\\\/#\\\/schema\\\/logo\\\/image\\\/\"},\"sameAs\":[\"https:\\\/\\\/x.com\\\/hec_holland\",\"https:\\\/\\\/www.linkedin.com\\\/company\\\/hec-holland\\\/\",\"https:\\\/\\\/www.instagram.com\\\/hec_holland\",\"https:\\\/\\\/www.youtube.com\\\/@hecholland\"],\"email\":\"marketing@hec-holland.com\",\"telephone\":\"0263792767\",\"numberOfEmployees\":{\"@type\":\"QuantitativeValue\",\"minValue\":\"11\",\"maxValue\":\"50\"}}]}<\/script>\n<!-- \/ Yoast SEO Premium plugin. -->","yoast_head_json":{"title":"| Kabelmarkt | HEC-Holland","description":"HEC Holland bietet die besten Konvertierungsdienstleistungen f\u00fcr die Kabelindustrie. Aufwickeln auf Standard- oder Spezialspulen, Mutterrollen, Pads oder Spulen. Kontaktieren Sie uns!","robots":{"index":"index","follow":"follow","max-snippet":"max-snippet:-1","max-image-preview":"max-image-preview:large","max-video-preview":"max-video-preview:-1"},"canonical":"https:\/\/hec-holland.com\/de\/technische-dienstleistungen\/","og_locale":"de_DE","og_type":"article","og_title":"Technische Dienstleistungen","og_description":"HEC Holland bietet die besten Konvertierungsdienstleistungen f\u00fcr die Kabelindustrie. Aufwickeln auf Standard- oder Spezialspulen, Mutterrollen, Pads oder Spulen. Kontaktieren Sie uns!","og_url":"https:\/\/hec-holland.com\/de\/technische-dienstleistungen\/","og_site_name":"HEC-Holland","article_modified_time":"2024-12-17T15:03:56+00:00","og_image":[{"url":"https:\/\/hec-holland.com\/wp-content\/uploads\/2023\/09\/HEC-technical-service-02.jpg","type":"","width":"","height":""}],"twitter_card":"summary_large_image","twitter_site":"@hec_holland","twitter_misc":{"Gesch\u00e4tzte Lesezeit":"2\u00a0Minuten"},"schema":{"@context":"https:\/\/schema.org","@graph":[{"@type":"WebPage","@id":"https:\/\/hec-holland.com\/de\/technische-dienstleistungen\/","url":"https:\/\/hec-holland.com\/de\/technische-dienstleistungen\/","name":"| Kabelmarkt | HEC-Holland","isPartOf":{"@id":"https:\/\/hec-holland.com\/de\/#website"},"primaryImageOfPage":{"@id":"https:\/\/hec-holland.com\/de\/technische-dienstleistungen\/#primaryimage"},"image":{"@id":"https:\/\/hec-holland.com\/de\/technische-dienstleistungen\/#primaryimage"},"thumbnailUrl":"https:\/\/hec-holland.com\/wp-content\/uploads\/2023\/09\/HEC-technical-service-02.jpg","datePublished":"2019-10-08T06:12:06+00:00","dateModified":"2024-12-17T15:03:56+00:00","description":"HEC Holland bietet die besten Konvertierungsdienstleistungen f\u00fcr die Kabelindustrie. Aufwickeln auf Standard- oder Spezialspulen, Mutterrollen, Pads oder Spulen. Kontaktieren Sie uns!","breadcrumb":{"@id":"https:\/\/hec-holland.com\/de\/technische-dienstleistungen\/#breadcrumb"},"inLanguage":"de","potentialAction":[{"@type":"ReadAction","target":["https:\/\/hec-holland.com\/de\/technische-dienstleistungen\/"]}]},{"@type":"ImageObject","inLanguage":"de","@id":"https:\/\/hec-holland.com\/de\/technische-dienstleistungen\/#primaryimage","url":"https:\/\/hec-holland.com\/wp-content\/uploads\/2023\/09\/HEC-technical-service-02.jpg","contentUrl":"https:\/\/hec-holland.com\/wp-content\/uploads\/2023\/09\/HEC-technical-service-02.jpg"},{"@type":"BreadcrumbList","@id":"https:\/\/hec-holland.com\/de\/technische-dienstleistungen\/#breadcrumb","itemListElement":[{"@type":"ListItem","position":1,"name":"Home","item":"https:\/\/hec-holland.com\/de\/startseite\/"},{"@type":"ListItem","position":2,"name":"Technische Dienstleistungen"}]},{"@type":"WebSite","@id":"https:\/\/hec-holland.com\/de\/#website","url":"https:\/\/hec-holland.com\/de\/","name":"HEC-Holland","description":"Your cable, Our connection","publisher":{"@id":"https:\/\/hec-holland.com\/de\/#organization"},"potentialAction":[{"@type":"SearchAction","target":{"@type":"EntryPoint","urlTemplate":"https:\/\/hec-holland.com\/de\/?s={search_term_string}"},"query-input":{"@type":"PropertyValueSpecification","valueRequired":true,"valueName":"search_term_string"}}],"inLanguage":"de"},{"@type":"Organization","@id":"https:\/\/hec-holland.com\/de\/#organization","name":"HEC-Holland","alternateName":"HEC-Holland","url":"https:\/\/hec-holland.com\/de\/","logo":{"@type":"ImageObject","inLanguage":"de","@id":"https:\/\/hec-holland.com\/de\/#\/schema\/logo\/image\/","url":"https:\/\/hec-holland.com\/wp-content\/uploads\/2019\/01\/Logo-HEC-Holland.png","contentUrl":"https:\/\/hec-holland.com\/wp-content\/uploads\/2019\/01\/Logo-HEC-Holland.png","width":247,"height":62,"caption":"HEC-Holland"},"image":{"@id":"https:\/\/hec-holland.com\/de\/#\/schema\/logo\/image\/"},"sameAs":["https:\/\/x.com\/hec_holland","https:\/\/www.linkedin.com\/company\/hec-holland\/","https:\/\/www.instagram.com\/hec_holland","https:\/\/www.youtube.com\/@hecholland"],"email":"marketing@hec-holland.com","telephone":"0263792767","numberOfEmployees":{"@type":"QuantitativeValue","minValue":"11","maxValue":"50"}}]}},"_links":{"self":[{"href":"https:\/\/hec-holland.com\/de\/wp-json\/wp\/v2\/pages\/9832","targetHints":{"allow":["GET"]}}],"collection":[{"href":"https:\/\/hec-holland.com\/de\/wp-json\/wp\/v2\/pages"}],"about":[{"href":"https:\/\/hec-holland.com\/de\/wp-json\/wp\/v2\/types\/page"}],"author":[{"embeddable":true,"href":"https:\/\/hec-holland.com\/de\/wp-json\/wp\/v2\/users\/1"}],"replies":[{"embeddable":true,"href":"https:\/\/hec-holland.com\/de\/wp-json\/wp\/v2\/comments?post=9832"}],"version-history":[{"count":21,"href":"https:\/\/hec-holland.com\/de\/wp-json\/wp\/v2\/pages\/9832\/revisions"}],"predecessor-version":[{"id":23372,"href":"https:\/\/hec-holland.com\/de\/wp-json\/wp\/v2\/pages\/9832\/revisions\/23372"}],"wp:attachment":[{"href":"https:\/\/hec-holland.com\/de\/wp-json\/wp\/v2\/media?parent=9832"}],"curies":[{"name":"wp","href":"https:\/\/api.w.org\/{rel}","templated":true}]}}