{"id":9862,"date":"2019-09-27T09:41:14","date_gmt":"2019-09-27T07:41:14","guid":{"rendered":"https:\/\/hec-holland.com\/erklaerung-zum-datenschutz\/"},"modified":"2023-09-21T11:20:12","modified_gmt":"2023-09-21T09:20:12","slug":"datenschutzhinweise","status":"publish","type":"page","link":"https:\/\/hec-holland.com\/de\/datenschutzhinweise\/","title":{"rendered":"Datenschutzhinweise"},"content":{"rendered":"\t\t<div data-elementor-type=\"wp-page\" data-elementor-id=\"9862\" class=\"elementor elementor-9862 elementor-4375\" data-elementor-post-type=\"page\">\n\t\t\t\t\t\t<section class=\"elementor-section elementor-top-section elementor-element elementor-element-59b0665 elementor-section-boxed elementor-section-height-default elementor-section-height-default\" data-id=\"59b0665\" data-element_type=\"section\" data-e-type=\"section\" data-settings=\"{&quot;background_background&quot;:&quot;classic&quot;}\">\n\t\t\t\t\t\t<div class=\"elementor-container elementor-column-gap-wide\">\n\t\t\t\t\t<div class=\"elementor-column elementor-col-100 elementor-top-column elementor-element elementor-element-cbdfe21\" data-id=\"cbdfe21\" data-element_type=\"column\" data-e-type=\"column\">\n\t\t\t<div class=\"elementor-widget-wrap elementor-element-populated\">\n\t\t\t\t\t\t<div class=\"elementor-element elementor-element-ca9632b elementor-widget elementor-widget-heading\" data-id=\"ca9632b\" data-element_type=\"widget\" data-e-type=\"widget\" data-widget_type=\"heading.default\">\n\t\t\t\t\t<h1 class=\"elementor-heading-title elementor-size-default\">Datenschutzhinweise<\/h1>\t\t\t\t<\/div>\n\t\t\t\t<div class=\"elementor-element elementor-element-bdb91c0 elementor-widget-divider--view-line elementor-widget elementor-widget-divider\" data-id=\"bdb91c0\" data-element_type=\"widget\" data-e-type=\"widget\" data-widget_type=\"divider.default\">\n\t\t\t\t\t\t\t<div class=\"elementor-divider\">\n\t\t\t<span class=\"elementor-divider-separator\">\n\t\t\t\t\t\t<\/span>\n\t\t<\/div>\n\t\t\t\t\t\t<\/div>\n\t\t\t\t\t<\/div>\n\t\t<\/div>\n\t\t\t\t\t<\/div>\n\t\t<\/section>\n\t\t\t\t<section class=\"elementor-section elementor-top-section elementor-element elementor-element-9785dfa elementor-section-boxed elementor-section-height-default elementor-section-height-default\" data-id=\"9785dfa\" data-element_type=\"section\" data-e-type=\"section\" data-settings=\"{&quot;background_background&quot;:&quot;classic&quot;}\">\n\t\t\t\t\t\t<div class=\"elementor-container elementor-column-gap-wide\">\n\t\t\t\t\t<div class=\"elementor-column elementor-col-100 elementor-top-column elementor-element elementor-element-c5754c3\" data-id=\"c5754c3\" data-element_type=\"column\" data-e-type=\"column\">\n\t\t\t<div class=\"elementor-widget-wrap elementor-element-populated\">\n\t\t\t\t\t\t<div class=\"elementor-element elementor-element-a35c7db elementor-widget elementor-widget-text-editor\" data-id=\"a35c7db\" data-element_type=\"widget\" data-e-type=\"widget\" data-widget_type=\"text-editor.default\">\n\t\t\t\t\t\t\t\t\t<p>Diese Website wird von der HEC-Holland betrieben und gepflegt, die im Abschnitt &#8222;Website-Eigent\u00fcmer&#8220; dieser Website genannt wird (im Folgenden &#8222;HEC-Holland&#8220; oder &#8222;wir&#8220;). HEC-Holland ist der Verantwortliche f\u00fcr die Verarbeitung aller \u00fcber diese Website erhobenen personenbezogenen Daten.<\/p>\n<p>Der Hauptzweck dieser Website ist es, eine dynamische Ressource und ein Gesch\u00e4ftsinstrument zu sein, damit wir Ihnen unsere Dienstleistungen auf die bestm\u00f6gliche Weise anbieten k\u00f6nnen. Wir m\u00f6chten, dass Sie sich beim Besuch unserer Website sicher f\u00fchlen und verpflichten uns, Ihre Privatsph\u00e4re zu sch\u00fctzen. Im Folgenden finden Sie einen \u00dcberblick dar\u00fcber, wie wir Ihre Privatsph\u00e4re w\u00e4hrend Ihres Besuchs auf der Grundlage und in \u00dcbereinstimmung mit den geltenden Datenschutzgesetzen sch\u00fctzen. HEC-Holland wird die Informationen gem\u00e4\u00df dem niederl\u00e4ndischen Recht (Wet Bescherming Persoonsgegevens) vertraulich behandeln.<\/p>\n<h2>Welche Informationen sammeln wir?<\/h2>\n<p>Informationen auf dieser Website werden auf zwei Arten gesammelt: direkt (z. B. wenn Sie auf verschiedenen Seiten dieser Website Informationen eingeben) und indirekt (z. B. durch die Technologie unserer Website). Dies wird im Folgenden n\u00e4her erl\u00e4utert.<\/p>\n<h3>Direkte Erhebung<\/h3>\n<p>Wir sammeln Informationen, die Sie uns freiwillig zur Verf\u00fcgung stellen, z. B. durch das Ausf\u00fcllen von Formularen auf der Website. Wenn wir diese Art von Informationen sammeln, werden wir Sie dar\u00fcber informieren, warum wir nach Informationen fragen und wie diese Informationen verwendet werden. Es liegt ganz bei Ihnen, ob Sie sie zur Verf\u00fcgung stellen wollen oder nicht. Die folgenden Kategorien personenbezogener Daten k\u00f6nnen erfasst werden: Name, Kontaktdaten und andere Informationen, die Sie in Formulare auf der Website eingeben.<\/p>\n<h3>Indirekte Sammlung<\/h3>\n<p>Ein Beispiel f\u00fcr Informationen, die wir indirekt sammeln, sind unsere Internetzugangsprotokolle. Wenn Sie auf diese Website zugreifen, wird Ihre Internetadresse automatisch erfasst und in unseren Internet-Zugangsprotokollen gespeichert. Diese Informationen werden ausschlie\u00dflich dazu verwendet, einen Einblick in die Effektivit\u00e4t unserer Website zu geben. Es werden keine expliziten Details offengelegt und unsere Ergebnisse werden nicht an Dritte weitergegeben.<\/p>\n<h2>Wie verwenden wir diese Informationen?<\/h2>\n<p>Wir verwenden Ihre pers\u00f6nlichen Daten, um diese Website zu pflegen, z. B. um Ihre Fragen zu beantworten und Ihnen Informationen \u00fcber aktuelle oder zuk\u00fcnftige Aktivit\u00e4ten der HEC-Holland zuzusenden. Wenn es gesetzlich vorgeschrieben ist, werden wir Ihre Zustimmung einholen, bevor wir Ihnen solche Informationen zusenden. Wir analysieren die gesammelten Daten indirekt, um festzustellen, was an unserer Website am effektivsten ist, um uns dabei zu helfen, Verbesserungsm\u00f6glichkeiten zu finden, und schlie\u00dflich, um festzustellen, wie wir diese Website anpassen k\u00f6nnen, um sie effektiver zu machen.<br>Werden wir diese Informationen an Dritte weitergeben?<br>Als Unternehmen mit internationalen Niederlassungen k\u00f6nnen die von uns erfassten Daten innerhalb der weltweiten Vertriebsorganisation von HEC-Holland international weitergeleitet werden, um Sie als Kunden zu bedienen und die Qualit\u00e4t unseres Gesch\u00e4fts zu verbessern. Wir geben individuelle Informationen nur an unsere eigenen Mitarbeiter weiter und verkaufen sie nicht an Dritte.<\/p>\n<h2>Was ist mit sensiblen pers\u00f6nliche Daten?<\/h2>\n<p>Wir versuchen im Allgemeinen nicht, sensible pers\u00f6nliche Daten \u00fcber diese Website zu sammeln. Wenn wir versuchen, solche Daten zu sammeln, werden wir Sie bitten, der vorgeschlagenen Verwendung der Daten zuzustimmen. Die Verweise auf &#8222;sensible personenbezogene Daten&#8220; beziehen sich auf die verschiedenen Kategorien personenbezogener Daten, die in den europ\u00e4ischen und anderen Datenschutzgesetzen als besonders zu behandelnde Daten eingestuft werden, einschlie\u00dflich der Notwendigkeit, unter bestimmten Umst\u00e4nden eine ausdr\u00fcckliche Zustimmung einzuholen. Zu diesen Kategorien geh\u00f6ren pers\u00f6nliche Identit\u00e4tsnummern, pers\u00f6nliche Daten \u00fcber die Pers\u00f6nlichkeit und das Privatleben, die rassische oder ethnische Herkunft, die Staatsangeh\u00f6rigkeit, politische Meinungen, die Zugeh\u00f6rigkeit zu politischen Parteien oder Bewegungen, religi\u00f6se, philosophische oder \u00e4hnliche \u00dcberzeugungen, die Zugeh\u00f6rigkeit zu einer Gewerkschaft oder einem Berufsverband, die k\u00f6rperliche oder geistige Gesundheit, der genetische Code, Abh\u00e4ngigkeiten, das Sexualleben, Verm\u00f6gensangelegenheiten oder Vorstrafen (einschlie\u00dflich Informationen \u00fcber mutma\u00dfliche kriminelle Aktivit\u00e4ten).<\/p>\n<h2>Sicherheit und Aufbewahrungsfrist<\/h2>\n<p>Die \u00dcbermittlung, Speicherung und Verarbeitung der \u00fcber diese Website erhobenen personenbezogenen Daten ist durch aktuelle, \u00fcbliche technische Ma\u00dfnahmen gesichert. Im Allgemeinen wird HEC-Holland die \u00fcber diese Website erhaltenen personenbezogenen Daten nicht l\u00e4nger aufbewahren, als es f\u00fcr die Erreichung der Zwecke, f\u00fcr die sie erhoben wurden, erforderlich ist, oder solange es das Gesetz vorschreibt.<br>Haben Sie Zugang zu Ihren Informationen?<br>Auf der Grundlage dieser Datenschutzerkl\u00e4rung haben Sie das Recht zu erfahren, ob wir Informationen \u00fcber Sie gespeichert haben, und wenn dies der Fall ist, Zugang zu diesen Informationen zu erhalten und ihre Berichtigung zu verlangen, wenn sie unrichtig sind. Sie haben au\u00dferdem das Recht, dass Ihre personenbezogenen Daten gel\u00f6scht oder gesperrt werden, wenn die Verarbeitung dieser Daten gegen die geltenden Datenschutzvorschriften verst\u00f6\u00dft. Bitte wenden Sie sich per E-Mail an uns: info@hec-holland.com, wenn Sie einen solchen Dienst ben\u00f6tigen.<\/p>\n<h2>Nutzungsbedingungen f\u00fcr Google Analytics<\/h2>\n<p>Diese Website kann Google Analytics nutzen, einen Webanalysedienst der Google Inc. (&#8222;Google&#8220;). Google Analytics verwendet sog. Cookies&#8220;, Textdateien, die auf Ihrem Computer gespeichert werden und die eine Analyse der Benutzung der Website durch Sie erm\u00f6glichen. Die durch den Cookie erzeugten Informationen \u00fcber Ihre Benutzung dieser Website (einschlie\u00dflich Ihrer IP-Adresse) wird an einen Server von Google in den Vereinigten Staaten \u00fcbertragen und dort gespeichert. Google wird diese Informationen benutzen, um Ihre Nutzung der Website auszuwerten, um Reports \u00fcber die Websiteaktivit\u00e4ten f\u00fcr die Websitebetreiber zusammenzustellen und um weitere mit der Websitenutzung und der Internetnutzung verbundene Dienstleistungen zu erbringen. Auch wird Google diese Informationen gegebenenfalls an Dritte \u00fcbertragen, sofern dies gesetzlich vorgeschrieben oder soweit Dritte diese Daten im Auftrag von Google verarbeiten. Google wird Ihre IP-Adresse nicht mit anderen von Google gespeicherten Daten in Verbindung bringen. Sie k\u00f6nnen die Installation der Cookies durch eine entsprechende Einstellung Ihrer Browser Software verhindern; wir weisen Sie jedoch darauf hin, dass Sie in diesem Fall gegebenenfalls nicht s\u00e4mtliche Funktionen dieser Website voll umf\u00e4nglich nutzen k\u00f6nnen. Durch die Nutzung dieser Website erkl\u00e4ren Sie sich mit der Bearbeitung der \u00fcber Sie erhobenen Daten durch Google in der zuvor beschriebenen Art und Weise und zu dem zuvor benannten Zweck einverstanden.<\/p>\n<h2>Kontakt<\/h2>\n<p>Wenn Sie weitere Fragen zum Datenschutz oder zur Verarbeitung Ihrer Daten durch HEC-Holland haben, bitte kontaktieren Sie uns:<\/p>\n<p>HEC-Holland BV<br>Velperweg 82<br>6828 HS Arnheim<br>Die Niederlande<br>Telefon: +31 (0)26 379 27 67<br>E-Mail: <a href=\"mailto:info@hec-holland.com\">info@hec-holland.com<\/a><\/p>\t\t\t\t\t\t\t\t<\/div>\n\t\t\t\t\t<\/div>\n\t\t<\/div>\n\t\t\t\t\t<\/div>\n\t\t<\/section>\n\t\t\t\t<\/div>\n\t\t","protected":false},"excerpt":{"rendered":"<p>Datenschutzhinweise Diese Website wird von der HEC-Holland betrieben und gepflegt, die im Abschnitt &#8222;Website-Eigent\u00fcmer&#8220; dieser Website genannt wird (im Folgenden [&hellip;]<\/p>\n","protected":false},"author":1,"featured_media":0,"parent":0,"menu_order":0,"comment_status":"closed","ping_status":"closed","template":"","meta":{"site-sidebar-layout":"default","site-content-layout":"","ast-site-content-layout":"default","site-content-style":"default","site-sidebar-style":"default","ast-global-header-display":"","ast-banner-title-visibility":"","ast-main-header-display":"","ast-hfb-above-header-display":"","ast-hfb-below-header-display":"","ast-hfb-mobile-header-display":"","site-post-title":"","ast-breadcrumbs-content":"","ast-featured-img":"","footer-sml-layout":"","ast-disable-related-posts":"","theme-transparent-header-meta":"","adv-header-id-meta":"","stick-header-meta":"","header-above-stick-meta":"","header-main-stick-meta":"","header-below-stick-meta":"","astra-migrate-meta-layouts":"default","ast-page-background-enabled":"default","ast-page-background-meta":{"desktop":{"background-color":"var(--ast-global-color-4)","background-image":"","background-repeat":"repeat","background-position":"center center","background-size":"auto","background-attachment":"scroll","background-type":"","background-media":"","overlay-type":"","overlay-color":"","overlay-opacity":"","overlay-gradient":""},"tablet":{"background-color":"","background-image":"","background-repeat":"repeat","background-position":"center center","background-size":"auto","background-attachment":"scroll","background-type":"","background-media":"","overlay-type":"","overlay-color":"","overlay-opacity":"","overlay-gradient":""},"mobile":{"background-color":"","background-image":"","background-repeat":"repeat","background-position":"center center","background-size":"auto","background-attachment":"scroll","background-type":"","background-media":"","overlay-type":"","overlay-color":"","overlay-opacity":"","overlay-gradient":""}},"ast-content-background-meta":{"desktop":{"background-color":"var(--ast-global-color-5)","background-image":"","background-repeat":"repeat","background-position":"center center","background-size":"auto","background-attachment":"scroll","background-type":"","background-media":"","overlay-type":"","overlay-color":"","overlay-opacity":"","overlay-gradient":""},"tablet":{"background-color":"var(--ast-global-color-5)","background-image":"","background-repeat":"repeat","background-position":"center center","background-size":"auto","background-attachment":"scroll","background-type":"","background-media":"","overlay-type":"","overlay-color":"","overlay-opacity":"","overlay-gradient":""},"mobile":{"background-color":"var(--ast-global-color-5)","background-image":"","background-repeat":"repeat","background-position":"center center","background-size":"auto","background-attachment":"scroll","background-type":"","background-media":"","overlay-type":"","overlay-color":"","overlay-opacity":"","overlay-gradient":""}},"footnotes":""},"class_list":["post-9862","page","type-page","status-publish","hentry"],"yoast_head":"<!-- This site is optimized with the Yoast SEO Premium plugin v26.6 (Yoast SEO v27.3) - https:\/\/yoast.com\/product\/yoast-seo-premium-wordpress\/ -->\n<title>Datenschutzhinweise - HEC-Holland<\/title>\n<meta name=\"description\" content=\"Unsere Datenschutzhinweise beschreibt wie wir Informationen sammeln und wie unsere Mitarbeiter pers\u00f6nliche Daten umgehen sollen.\" \/>\n<meta name=\"robots\" content=\"index, follow, max-snippet:-1, max-image-preview:large, max-video-preview:-1\" \/>\n<link rel=\"canonical\" href=\"https:\/\/hec-holland.com\/de\/datenschutzhinweise\/\" \/>\n<meta property=\"og:locale\" content=\"de_DE\" \/>\n<meta property=\"og:type\" content=\"article\" \/>\n<meta property=\"og:title\" content=\"Datenschutzhinweise\" \/>\n<meta property=\"og:description\" content=\"Unsere Datenschutzhinweise beschreibt wie wir Informationen sammeln und wie unsere Mitarbeiter pers\u00f6nliche Daten umgehen sollen.\" \/>\n<meta property=\"og:url\" content=\"https:\/\/hec-holland.com\/de\/datenschutzhinweise\/\" \/>\n<meta property=\"og:site_name\" content=\"HEC-Holland\" \/>\n<meta property=\"article:modified_time\" content=\"2023-09-21T09:20:12+00:00\" \/>\n<meta name=\"twitter:card\" content=\"summary_large_image\" \/>\n<meta name=\"twitter:site\" content=\"@hec_holland\" \/>\n<meta name=\"twitter:label1\" content=\"Gesch\u00e4tzte Lesezeit\" \/>\n\t<meta name=\"twitter:data1\" content=\"6\u00a0Minuten\" \/>\n<script type=\"application\/ld+json\" class=\"yoast-schema-graph\">{\"@context\":\"https:\\\/\\\/schema.org\",\"@graph\":[{\"@type\":\"WebPage\",\"@id\":\"https:\\\/\\\/hec-holland.com\\\/de\\\/datenschutzhinweise\\\/\",\"url\":\"https:\\\/\\\/hec-holland.com\\\/de\\\/datenschutzhinweise\\\/\",\"name\":\"Datenschutzhinweise - HEC-Holland\",\"isPartOf\":{\"@id\":\"https:\\\/\\\/hec-holland.com\\\/de\\\/#website\"},\"datePublished\":\"2019-09-27T07:41:14+00:00\",\"dateModified\":\"2023-09-21T09:20:12+00:00\",\"description\":\"Unsere Datenschutzhinweise beschreibt wie wir Informationen sammeln und wie unsere Mitarbeiter pers\u00f6nliche Daten umgehen sollen.\",\"breadcrumb\":{\"@id\":\"https:\\\/\\\/hec-holland.com\\\/de\\\/datenschutzhinweise\\\/#breadcrumb\"},\"inLanguage\":\"de\",\"potentialAction\":[{\"@type\":\"ReadAction\",\"target\":[\"https:\\\/\\\/hec-holland.com\\\/de\\\/datenschutzhinweise\\\/\"]}]},{\"@type\":\"BreadcrumbList\",\"@id\":\"https:\\\/\\\/hec-holland.com\\\/de\\\/datenschutzhinweise\\\/#breadcrumb\",\"itemListElement\":[{\"@type\":\"ListItem\",\"position\":1,\"name\":\"Home\",\"item\":\"https:\\\/\\\/hec-holland.com\\\/de\\\/startseite\\\/\"},{\"@type\":\"ListItem\",\"position\":2,\"name\":\"Datenschutzhinweise\"}]},{\"@type\":\"WebSite\",\"@id\":\"https:\\\/\\\/hec-holland.com\\\/de\\\/#website\",\"url\":\"https:\\\/\\\/hec-holland.com\\\/de\\\/\",\"name\":\"HEC-Holland\",\"description\":\"Your cable, Our connection\",\"publisher\":{\"@id\":\"https:\\\/\\\/hec-holland.com\\\/de\\\/#organization\"},\"potentialAction\":[{\"@type\":\"SearchAction\",\"target\":{\"@type\":\"EntryPoint\",\"urlTemplate\":\"https:\\\/\\\/hec-holland.com\\\/de\\\/?s={search_term_string}\"},\"query-input\":{\"@type\":\"PropertyValueSpecification\",\"valueRequired\":true,\"valueName\":\"search_term_string\"}}],\"inLanguage\":\"de\"},{\"@type\":\"Organization\",\"@id\":\"https:\\\/\\\/hec-holland.com\\\/de\\\/#organization\",\"name\":\"HEC-Holland\",\"alternateName\":\"HEC-Holland\",\"url\":\"https:\\\/\\\/hec-holland.com\\\/de\\\/\",\"logo\":{\"@type\":\"ImageObject\",\"inLanguage\":\"de\",\"@id\":\"https:\\\/\\\/hec-holland.com\\\/de\\\/#\\\/schema\\\/logo\\\/image\\\/\",\"url\":\"https:\\\/\\\/hec-holland.com\\\/wp-content\\\/uploads\\\/2019\\\/01\\\/Logo-HEC-Holland.png\",\"contentUrl\":\"https:\\\/\\\/hec-holland.com\\\/wp-content\\\/uploads\\\/2019\\\/01\\\/Logo-HEC-Holland.png\",\"width\":247,\"height\":62,\"caption\":\"HEC-Holland\"},\"image\":{\"@id\":\"https:\\\/\\\/hec-holland.com\\\/de\\\/#\\\/schema\\\/logo\\\/image\\\/\"},\"sameAs\":[\"https:\\\/\\\/x.com\\\/hec_holland\",\"https:\\\/\\\/www.linkedin.com\\\/company\\\/hec-holland\\\/\",\"https:\\\/\\\/www.instagram.com\\\/hec_holland\",\"https:\\\/\\\/www.youtube.com\\\/@hecholland\"],\"email\":\"marketing@hec-holland.com\",\"telephone\":\"0263792767\",\"numberOfEmployees\":{\"@type\":\"QuantitativeValue\",\"minValue\":\"11\",\"maxValue\":\"50\"}}]}<\/script>\n<!-- \/ Yoast SEO Premium plugin. -->","yoast_head_json":{"title":"Datenschutzhinweise - HEC-Holland","description":"Unsere Datenschutzhinweise beschreibt wie wir Informationen sammeln und wie unsere Mitarbeiter pers\u00f6nliche Daten umgehen sollen.","robots":{"index":"index","follow":"follow","max-snippet":"max-snippet:-1","max-image-preview":"max-image-preview:large","max-video-preview":"max-video-preview:-1"},"canonical":"https:\/\/hec-holland.com\/de\/datenschutzhinweise\/","og_locale":"de_DE","og_type":"article","og_title":"Datenschutzhinweise","og_description":"Unsere Datenschutzhinweise beschreibt wie wir Informationen sammeln und wie unsere Mitarbeiter pers\u00f6nliche Daten umgehen sollen.","og_url":"https:\/\/hec-holland.com\/de\/datenschutzhinweise\/","og_site_name":"HEC-Holland","article_modified_time":"2023-09-21T09:20:12+00:00","twitter_card":"summary_large_image","twitter_site":"@hec_holland","twitter_misc":{"Gesch\u00e4tzte Lesezeit":"6\u00a0Minuten"},"schema":{"@context":"https:\/\/schema.org","@graph":[{"@type":"WebPage","@id":"https:\/\/hec-holland.com\/de\/datenschutzhinweise\/","url":"https:\/\/hec-holland.com\/de\/datenschutzhinweise\/","name":"Datenschutzhinweise - HEC-Holland","isPartOf":{"@id":"https:\/\/hec-holland.com\/de\/#website"},"datePublished":"2019-09-27T07:41:14+00:00","dateModified":"2023-09-21T09:20:12+00:00","description":"Unsere Datenschutzhinweise beschreibt wie wir Informationen sammeln und wie unsere Mitarbeiter pers\u00f6nliche Daten umgehen sollen.","breadcrumb":{"@id":"https:\/\/hec-holland.com\/de\/datenschutzhinweise\/#breadcrumb"},"inLanguage":"de","potentialAction":[{"@type":"ReadAction","target":["https:\/\/hec-holland.com\/de\/datenschutzhinweise\/"]}]},{"@type":"BreadcrumbList","@id":"https:\/\/hec-holland.com\/de\/datenschutzhinweise\/#breadcrumb","itemListElement":[{"@type":"ListItem","position":1,"name":"Home","item":"https:\/\/hec-holland.com\/de\/startseite\/"},{"@type":"ListItem","position":2,"name":"Datenschutzhinweise"}]},{"@type":"WebSite","@id":"https:\/\/hec-holland.com\/de\/#website","url":"https:\/\/hec-holland.com\/de\/","name":"HEC-Holland","description":"Your cable, Our connection","publisher":{"@id":"https:\/\/hec-holland.com\/de\/#organization"},"potentialAction":[{"@type":"SearchAction","target":{"@type":"EntryPoint","urlTemplate":"https:\/\/hec-holland.com\/de\/?s={search_term_string}"},"query-input":{"@type":"PropertyValueSpecification","valueRequired":true,"valueName":"search_term_string"}}],"inLanguage":"de"},{"@type":"Organization","@id":"https:\/\/hec-holland.com\/de\/#organization","name":"HEC-Holland","alternateName":"HEC-Holland","url":"https:\/\/hec-holland.com\/de\/","logo":{"@type":"ImageObject","inLanguage":"de","@id":"https:\/\/hec-holland.com\/de\/#\/schema\/logo\/image\/","url":"https:\/\/hec-holland.com\/wp-content\/uploads\/2019\/01\/Logo-HEC-Holland.png","contentUrl":"https:\/\/hec-holland.com\/wp-content\/uploads\/2019\/01\/Logo-HEC-Holland.png","width":247,"height":62,"caption":"HEC-Holland"},"image":{"@id":"https:\/\/hec-holland.com\/de\/#\/schema\/logo\/image\/"},"sameAs":["https:\/\/x.com\/hec_holland","https:\/\/www.linkedin.com\/company\/hec-holland\/","https:\/\/www.instagram.com\/hec_holland","https:\/\/www.youtube.com\/@hecholland"],"email":"marketing@hec-holland.com","telephone":"0263792767","numberOfEmployees":{"@type":"QuantitativeValue","minValue":"11","maxValue":"50"}}]}},"_links":{"self":[{"href":"https:\/\/hec-holland.com\/de\/wp-json\/wp\/v2\/pages\/9862","targetHints":{"allow":["GET"]}}],"collection":[{"href":"https:\/\/hec-holland.com\/de\/wp-json\/wp\/v2\/pages"}],"about":[{"href":"https:\/\/hec-holland.com\/de\/wp-json\/wp\/v2\/types\/page"}],"author":[{"embeddable":true,"href":"https:\/\/hec-holland.com\/de\/wp-json\/wp\/v2\/users\/1"}],"replies":[{"embeddable":true,"href":"https:\/\/hec-holland.com\/de\/wp-json\/wp\/v2\/comments?post=9862"}],"version-history":[{"count":0,"href":"https:\/\/hec-holland.com\/de\/wp-json\/wp\/v2\/pages\/9862\/revisions"}],"wp:attachment":[{"href":"https:\/\/hec-holland.com\/de\/wp-json\/wp\/v2\/media?parent=9862"}],"curies":[{"name":"wp","href":"https:\/\/api.w.org\/{rel}","templated":true}]}}