{"id":9868,"date":"2019-08-19T11:20:51","date_gmt":"2019-08-19T09:20:51","guid":{"rendered":"https:\/\/hec-holland.com\/andere\/"},"modified":"2025-10-21T16:31:47","modified_gmt":"2025-10-21T14:31:47","slug":"andere","status":"publish","type":"page","link":"https:\/\/hec-holland.com\/de\/andere\/","title":{"rendered":"Andere"},"content":{"rendered":"\t\t<div data-elementor-type=\"wp-page\" data-elementor-id=\"9868\" class=\"elementor elementor-9868 elementor-1680\" data-elementor-post-type=\"page\">\n\t\t\t\t\t\t<section class=\"elementor-section elementor-top-section elementor-element elementor-element-0af7cd3 elementor-section-boxed elementor-section-height-default elementor-section-height-default\" data-id=\"0af7cd3\" data-element_type=\"section\" data-e-type=\"section\">\n\t\t\t\t\t\t<div class=\"elementor-container elementor-column-gap-default\">\n\t\t\t\t\t<div class=\"elementor-column elementor-col-100 elementor-top-column elementor-element elementor-element-36698a4\" data-id=\"36698a4\" data-element_type=\"column\" data-e-type=\"column\">\n\t\t\t<div class=\"elementor-widget-wrap elementor-element-populated\">\n\t\t\t\t\t\t<div class=\"elementor-element elementor-element-1eeb8e1 elementor-widget elementor-widget-heading\" data-id=\"1eeb8e1\" data-element_type=\"widget\" data-e-type=\"widget\" data-widget_type=\"heading.default\">\n\t\t\t\t\t<h1 class=\"elementor-heading-title elementor-size-default\">Andere Industrien<\/h1>\t\t\t\t<\/div>\n\t\t\t\t<div class=\"elementor-element elementor-element-823a950 elementor-widget-divider--view-line elementor-widget elementor-widget-divider\" data-id=\"823a950\" data-element_type=\"widget\" data-e-type=\"widget\" data-widget_type=\"divider.default\">\n\t\t\t\t\t\t\t<div class=\"elementor-divider\">\n\t\t\t<span class=\"elementor-divider-separator\">\n\t\t\t\t\t\t<\/span>\n\t\t<\/div>\n\t\t\t\t\t\t<\/div>\n\t\t\t\t\t<\/div>\n\t\t<\/div>\n\t\t\t\t\t<\/div>\n\t\t<\/section>\n\t\t\t\t<section class=\"elementor-section elementor-top-section elementor-element elementor-element-46d5ef5 elementor-section-boxed elementor-section-height-default elementor-section-height-default\" data-id=\"46d5ef5\" data-element_type=\"section\" data-e-type=\"section\">\n\t\t\t\t\t\t<div class=\"elementor-container elementor-column-gap-default\">\n\t\t\t\t\t<div class=\"elementor-column elementor-col-50 elementor-top-column elementor-element elementor-element-eaeb984\" data-id=\"eaeb984\" data-element_type=\"column\" data-e-type=\"column\">\n\t\t\t<div class=\"elementor-widget-wrap elementor-element-populated\">\n\t\t\t\t\t\t<div class=\"elementor-element elementor-element-e37330a elementor-widget elementor-widget-heading\" data-id=\"e37330a\" data-element_type=\"widget\" data-e-type=\"widget\" data-widget_type=\"heading.default\">\n\t\t\t\t\t<h2 class=\"elementor-heading-title elementor-size-default\">Andere Industrien f\u00fcr Kabelkonstruktionen<\/h2>\t\t\t\t<\/div>\n\t\t\t\t<div class=\"elementor-element elementor-element-56e3c50 elementor-widget elementor-widget-text-editor\" data-id=\"56e3c50\" data-element_type=\"widget\" data-e-type=\"widget\" data-widget_type=\"text-editor.default\">\n\t\t\t\t\t\t\t\t\t<p>Neben den \u00fcblichen Industrien Energie-, Daten- und Steuerkabeln f\u00fcr den Innen- und Au\u00dfenbereich zu Lande und zu Wasser gibt es ein weiteres Segment von Kabelkonstruktionen, die nicht in eine dieser Kategorien eingeordnet werden. In dieser Kategorie finden Sie spezielle Kabelkonstruktionen wie Marine- und Schiffskabel, aber auch Automobilkabel und andere hochleistungsf\u00e4hige Anwendungen. Wie in diesem Segment gibt es in vielen F\u00e4llen spezielle Anforderungen und Normen f\u00fcr die Kabelkonstruktion.   <\/p>\n<h2>Gemeinsam nach (alternativen) L\u00f6sungen suchen<\/h2>\n<p>Die Forschungs- und Entwicklungsabteilung von HEC-Holland arbeitet mit verschiedenen renommierten Partnern, Instituten und Universit\u00e4ten zusammen, um (alternative) L\u00f6sungen f\u00fcr die \u00dcberwindung technischer H\u00fcrden in Design und Produktion zu finden, wobei die Wirtschaftlichkeit und die Verarbeitbarkeit im Vordergrund stehen. Hierf\u00fcr haben wir ein spezifisches Angebot an ma\u00dfgeschneiderten Produkten, die perfekt auf das Kabeldesign abgestimmt sind. <\/p>\t\t\t\t\t\t\t\t<\/div>\n\t\t\t\t\t<\/div>\n\t\t<\/div>\n\t\t\t\t<div class=\"elementor-column elementor-col-50 elementor-top-column elementor-element elementor-element-0ae6674\" data-id=\"0ae6674\" data-element_type=\"column\" data-e-type=\"column\">\n\t\t\t<div class=\"elementor-widget-wrap elementor-element-populated\">\n\t\t\t\t\t\t<div class=\"elementor-element elementor-element-82e437f elementor-widget elementor-widget-image\" data-id=\"82e437f\" data-element_type=\"widget\" data-e-type=\"widget\" data-widget_type=\"image.default\">\n\t\t\t\t\t\t\t\t\t\t\t\t\t\t\t<img fetchpriority=\"high\" decoding=\"async\" width=\"640\" height=\"480\" src=\"https:\/\/hec-holland.com\/wp-content\/uploads\/2023\/10\/Other-Industries-HEC-Holland-2.jpg\" class=\"attachment-full size-full wp-image-13453\" alt=\"Andere Industrien HEC-Holland\" srcset=\"https:\/\/hec-holland.com\/wp-content\/uploads\/2023\/10\/Other-Industries-HEC-Holland-2.jpg 640w, https:\/\/hec-holland.com\/wp-content\/uploads\/2023\/10\/Other-Industries-HEC-Holland-2-300x225.jpg 300w\" sizes=\"(max-width: 640px) 100vw, 640px\" \/>\t\t\t\t\t\t\t\t\t\t\t\t\t\t\t<\/div>\n\t\t\t\t\t<\/div>\n\t\t<\/div>\n\t\t\t\t\t<\/div>\n\t\t<\/section>\n\t\t\t\t<section class=\"elementor-section elementor-top-section elementor-element elementor-element-ec4588b elementor-section-boxed elementor-section-height-default elementor-section-height-default\" data-id=\"ec4588b\" data-element_type=\"section\" data-e-type=\"section\">\n\t\t\t\t\t\t<div class=\"elementor-container elementor-column-gap-default\">\n\t\t\t\t\t<div class=\"elementor-column elementor-col-50 elementor-top-column elementor-element elementor-element-de2faeb\" data-id=\"de2faeb\" data-element_type=\"column\" data-e-type=\"column\">\n\t\t\t<div class=\"elementor-widget-wrap elementor-element-populated\">\n\t\t\t\t\t\t<div class=\"elementor-element elementor-element-da05fbd elementor-widget elementor-widget-image\" data-id=\"da05fbd\" data-element_type=\"widget\" data-e-type=\"widget\" data-widget_type=\"image.default\">\n\t\t\t\t\t\t\t\t\t\t\t\t\t\t\t<img decoding=\"async\" width=\"640\" height=\"480\" src=\"https:\/\/hec-holland.com\/wp-content\/uploads\/2023\/10\/Other-Industries-HEC-Holland.jpg\" class=\"attachment-full size-full wp-image-13450\" alt=\"Other Industries HEC-Holland\" srcset=\"https:\/\/hec-holland.com\/wp-content\/uploads\/2023\/10\/Other-Industries-HEC-Holland.jpg 640w, https:\/\/hec-holland.com\/wp-content\/uploads\/2023\/10\/Other-Industries-HEC-Holland-300x225.jpg 300w\" sizes=\"(max-width: 640px) 100vw, 640px\" \/>\t\t\t\t\t\t\t\t\t\t\t\t\t\t\t<\/div>\n\t\t\t\t\t<\/div>\n\t\t<\/div>\n\t\t\t\t<div class=\"elementor-column elementor-col-50 elementor-top-column elementor-element elementor-element-f2c58c8\" data-id=\"f2c58c8\" data-element_type=\"column\" data-e-type=\"column\">\n\t\t\t<div class=\"elementor-widget-wrap elementor-element-populated\">\n\t\t\t\t\t\t<div class=\"elementor-element elementor-element-c121f72 elementor-widget elementor-widget-text-editor\" data-id=\"c121f72\" data-element_type=\"widget\" data-e-type=\"widget\" data-widget_type=\"text-editor.default\">\n\t\t\t\t\t\t\t\t\t<h2>Gutes Kabeldesign, Kostensenkung und Nachhaltigkeit<\/h2><p>Unser Sales Team beratet Sie gerne bei der Auswahl der Materialien f\u00fcr Ihr Kabeldesign, aber auch bei der Frage, wie Sie nicht nur die Gesamtbetriebskosten senken, sondern auch einen besseren Beitrag f\u00fcr die Gesellschaft und die Umwelt leisten k\u00f6nnen. <\/p><p>F\u00fcr weitere Informationen und unsere M\u00f6glichkeiten empfehlen wir Ihnen, unseren Kundenbetreuer zu <a href=\"https:\/\/hec-holland.com\/de\/kontakt\/\">kontaktieren<\/a>. <\/p>\t\t\t\t\t\t\t\t<\/div>\n\t\t\t\t<section class=\"elementor-section elementor-inner-section elementor-element elementor-element-b65542d elementor-section-boxed elementor-section-height-default elementor-section-height-default\" data-id=\"b65542d\" data-element_type=\"section\" data-e-type=\"section\">\n\t\t\t\t\t\t<div class=\"elementor-container elementor-column-gap-default\">\n\t\t\t\t\t<div class=\"elementor-column elementor-col-50 elementor-inner-column elementor-element elementor-element-b94a2cd\" data-id=\"b94a2cd\" data-element_type=\"column\" data-e-type=\"column\">\n\t\t\t<div class=\"elementor-widget-wrap elementor-element-populated\">\n\t\t\t\t\t\t<div class=\"elementor-element elementor-element-3ff6ee5 elementor-widget elementor-widget-button\" data-id=\"3ff6ee5\" data-element_type=\"widget\" data-e-type=\"widget\" data-widget_type=\"button.default\">\n\t\t\t\t\t\t\t\t\t\t<a class=\"elementor-button elementor-button-link elementor-size-sm\" href=\"\/#products\">\n\t\t\t\t\t\t<span class=\"elementor-button-content-wrapper\">\n\t\t\t\t\t\t<span class=\"elementor-button-icon\">\n\t\t\t\t<i aria-hidden=\"true\" class=\"fas fa-chevron-down\"><\/i>\t\t\t<\/span>\n\t\t\t\t\t\t\t\t\t<span class=\"elementor-button-text\">Siehe unsere Produkte<\/span>\n\t\t\t\t\t<\/span>\n\t\t\t\t\t<\/a>\n\t\t\t\t\t\t\t\t<\/div>\n\t\t\t\t\t<\/div>\n\t\t<\/div>\n\t\t\t\t<div class=\"elementor-column elementor-col-50 elementor-inner-column elementor-element elementor-element-cd09f62\" data-id=\"cd09f62\" data-element_type=\"column\" data-e-type=\"column\">\n\t\t\t<div class=\"elementor-widget-wrap\">\n\t\t\t\t\t\t\t<\/div>\n\t\t<\/div>\n\t\t\t\t\t<\/div>\n\t\t<\/section>\n\t\t\t\t\t<\/div>\n\t\t<\/div>\n\t\t\t\t\t<\/div>\n\t\t<\/section>\n\t\t\t\t<\/div>\n\t\t","protected":false},"excerpt":{"rendered":"<p>Andere Industrien Andere Industrien f\u00fcr Kabelkonstruktionen Neben den \u00fcblichen Industrien Energie-, Daten- und Steuerkabeln f\u00fcr den Innen- und Au\u00dfenbereich zu [&hellip;]<\/p>\n","protected":false},"author":1,"featured_media":0,"parent":0,"menu_order":0,"comment_status":"closed","ping_status":"closed","template":"","meta":{"site-sidebar-layout":"default","site-content-layout":"","ast-site-content-layout":"default","site-content-style":"default","site-sidebar-style":"default","ast-global-header-display":"","ast-banner-title-visibility":"","ast-main-header-display":"","ast-hfb-above-header-display":"","ast-hfb-below-header-display":"","ast-hfb-mobile-header-display":"","site-post-title":"","ast-breadcrumbs-content":"","ast-featured-img":"","footer-sml-layout":"","ast-disable-related-posts":"","theme-transparent-header-meta":"","adv-header-id-meta":"","stick-header-meta":"","header-above-stick-meta":"","header-main-stick-meta":"","header-below-stick-meta":"","astra-migrate-meta-layouts":"default","ast-page-background-enabled":"default","ast-page-background-meta":{"desktop":{"background-color":"var(--ast-global-color-4)","background-image":"","background-repeat":"repeat","background-position":"center center","background-size":"auto","background-attachment":"scroll","background-type":"","background-media":"","overlay-type":"","overlay-color":"","overlay-opacity":"","overlay-gradient":""},"tablet":{"background-color":"","background-image":"","background-repeat":"repeat","background-position":"center center","background-size":"auto","background-attachment":"scroll","background-type":"","background-media":"","overlay-type":"","overlay-color":"","overlay-opacity":"","overlay-gradient":""},"mobile":{"background-color":"","background-image":"","background-repeat":"repeat","background-position":"center center","background-size":"auto","background-attachment":"scroll","background-type":"","background-media":"","overlay-type":"","overlay-color":"","overlay-opacity":"","overlay-gradient":""}},"ast-content-background-meta":{"desktop":{"background-color":"var(--ast-global-color-5)","background-image":"","background-repeat":"repeat","background-position":"center center","background-size":"auto","background-attachment":"scroll","background-type":"","background-media":"","overlay-type":"","overlay-color":"","overlay-opacity":"","overlay-gradient":""},"tablet":{"background-color":"var(--ast-global-color-5)","background-image":"","background-repeat":"repeat","background-position":"center center","background-size":"auto","background-attachment":"scroll","background-type":"","background-media":"","overlay-type":"","overlay-color":"","overlay-opacity":"","overlay-gradient":""},"mobile":{"background-color":"var(--ast-global-color-5)","background-image":"","background-repeat":"repeat","background-position":"center center","background-size":"auto","background-attachment":"scroll","background-type":"","background-media":"","overlay-type":"","overlay-color":"","overlay-opacity":"","overlay-gradient":""}},"footnotes":""},"class_list":["post-9868","page","type-page","status-publish","hentry"],"yoast_head":"<!-- This site is optimized with the Yoast SEO Premium plugin v26.6 (Yoast SEO v27.3) - https:\/\/yoast.com\/product\/yoast-seo-premium-wordpress\/ -->\n<title>Andere - HEC-Holland<\/title>\n<meta name=\"description\" content=\"Voor meer informatie en onze mogelijkheden om contact op te nemen, kunt u geen contact meer opnemen.\" \/>\n<meta name=\"robots\" content=\"index, follow, max-snippet:-1, max-image-preview:large, max-video-preview:-1\" \/>\n<link rel=\"canonical\" href=\"https:\/\/hec-holland.com\/de\/andere\/\" \/>\n<meta property=\"og:locale\" content=\"de_DE\" \/>\n<meta property=\"og:type\" content=\"article\" \/>\n<meta property=\"og:title\" content=\"Andere\" \/>\n<meta property=\"og:description\" content=\"Voor meer informatie en onze mogelijkheden om contact op te nemen, kunt u geen contact meer opnemen.\" \/>\n<meta property=\"og:url\" content=\"https:\/\/hec-holland.com\/de\/andere\/\" \/>\n<meta property=\"og:site_name\" content=\"HEC-Holland\" \/>\n<meta property=\"article:modified_time\" content=\"2025-10-21T14:31:47+00:00\" \/>\n<meta property=\"og:image\" content=\"https:\/\/hec-holland.com\/wp-content\/uploads\/2023\/10\/Other-Industries-HEC-Holland-2.jpg\" \/>\n\t<meta property=\"og:image:width\" content=\"640\" \/>\n\t<meta property=\"og:image:height\" content=\"480\" \/>\n\t<meta property=\"og:image:type\" content=\"image\/jpeg\" \/>\n<meta name=\"twitter:card\" content=\"summary_large_image\" \/>\n<meta name=\"twitter:site\" content=\"@hec_holland\" \/>\n<meta name=\"twitter:label1\" content=\"Gesch\u00e4tzte Lesezeit\" \/>\n\t<meta name=\"twitter:data1\" content=\"2\u00a0Minuten\" \/>\n<script type=\"application\/ld+json\" class=\"yoast-schema-graph\">{\"@context\":\"https:\\\/\\\/schema.org\",\"@graph\":[{\"@type\":\"WebPage\",\"@id\":\"https:\\\/\\\/hec-holland.com\\\/de\\\/andere\\\/\",\"url\":\"https:\\\/\\\/hec-holland.com\\\/de\\\/andere\\\/\",\"name\":\"Andere - HEC-Holland\",\"isPartOf\":{\"@id\":\"https:\\\/\\\/hec-holland.com\\\/de\\\/#website\"},\"primaryImageOfPage\":{\"@id\":\"https:\\\/\\\/hec-holland.com\\\/de\\\/andere\\\/#primaryimage\"},\"image\":{\"@id\":\"https:\\\/\\\/hec-holland.com\\\/de\\\/andere\\\/#primaryimage\"},\"thumbnailUrl\":\"https:\\\/\\\/hec-holland.com\\\/wp-content\\\/uploads\\\/2023\\\/10\\\/Other-Industries-HEC-Holland-2.jpg\",\"datePublished\":\"2019-08-19T09:20:51+00:00\",\"dateModified\":\"2025-10-21T14:31:47+00:00\",\"description\":\"Voor meer informatie en onze mogelijkheden om contact op te nemen, kunt u geen contact meer opnemen.\",\"breadcrumb\":{\"@id\":\"https:\\\/\\\/hec-holland.com\\\/de\\\/andere\\\/#breadcrumb\"},\"inLanguage\":\"de\",\"potentialAction\":[{\"@type\":\"ReadAction\",\"target\":[\"https:\\\/\\\/hec-holland.com\\\/de\\\/andere\\\/\"]}]},{\"@type\":\"ImageObject\",\"inLanguage\":\"de\",\"@id\":\"https:\\\/\\\/hec-holland.com\\\/de\\\/andere\\\/#primaryimage\",\"url\":\"https:\\\/\\\/hec-holland.com\\\/wp-content\\\/uploads\\\/2023\\\/10\\\/Other-Industries-HEC-Holland-2.jpg\",\"contentUrl\":\"https:\\\/\\\/hec-holland.com\\\/wp-content\\\/uploads\\\/2023\\\/10\\\/Other-Industries-HEC-Holland-2.jpg\"},{\"@type\":\"BreadcrumbList\",\"@id\":\"https:\\\/\\\/hec-holland.com\\\/de\\\/andere\\\/#breadcrumb\",\"itemListElement\":[{\"@type\":\"ListItem\",\"position\":1,\"name\":\"Home\",\"item\":\"https:\\\/\\\/hec-holland.com\\\/de\\\/startseite\\\/\"},{\"@type\":\"ListItem\",\"position\":2,\"name\":\"Andere\"}]},{\"@type\":\"WebSite\",\"@id\":\"https:\\\/\\\/hec-holland.com\\\/de\\\/#website\",\"url\":\"https:\\\/\\\/hec-holland.com\\\/de\\\/\",\"name\":\"HEC-Holland\",\"description\":\"Your cable, Our connection\",\"publisher\":{\"@id\":\"https:\\\/\\\/hec-holland.com\\\/de\\\/#organization\"},\"potentialAction\":[{\"@type\":\"SearchAction\",\"target\":{\"@type\":\"EntryPoint\",\"urlTemplate\":\"https:\\\/\\\/hec-holland.com\\\/de\\\/?s={search_term_string}\"},\"query-input\":{\"@type\":\"PropertyValueSpecification\",\"valueRequired\":true,\"valueName\":\"search_term_string\"}}],\"inLanguage\":\"de\"},{\"@type\":\"Organization\",\"@id\":\"https:\\\/\\\/hec-holland.com\\\/de\\\/#organization\",\"name\":\"HEC-Holland\",\"alternateName\":\"HEC-Holland\",\"url\":\"https:\\\/\\\/hec-holland.com\\\/de\\\/\",\"logo\":{\"@type\":\"ImageObject\",\"inLanguage\":\"de\",\"@id\":\"https:\\\/\\\/hec-holland.com\\\/de\\\/#\\\/schema\\\/logo\\\/image\\\/\",\"url\":\"https:\\\/\\\/hec-holland.com\\\/wp-content\\\/uploads\\\/2019\\\/01\\\/Logo-HEC-Holland.png\",\"contentUrl\":\"https:\\\/\\\/hec-holland.com\\\/wp-content\\\/uploads\\\/2019\\\/01\\\/Logo-HEC-Holland.png\",\"width\":247,\"height\":62,\"caption\":\"HEC-Holland\"},\"image\":{\"@id\":\"https:\\\/\\\/hec-holland.com\\\/de\\\/#\\\/schema\\\/logo\\\/image\\\/\"},\"sameAs\":[\"https:\\\/\\\/x.com\\\/hec_holland\",\"https:\\\/\\\/www.linkedin.com\\\/company\\\/hec-holland\\\/\",\"https:\\\/\\\/www.instagram.com\\\/hec_holland\",\"https:\\\/\\\/www.youtube.com\\\/@hecholland\"],\"email\":\"marketing@hec-holland.com\",\"telephone\":\"0263792767\",\"numberOfEmployees\":{\"@type\":\"QuantitativeValue\",\"minValue\":\"11\",\"maxValue\":\"50\"}}]}<\/script>\n<!-- \/ Yoast SEO Premium plugin. -->","yoast_head_json":{"title":"Andere - HEC-Holland","description":"Voor meer informatie en onze mogelijkheden om contact op te nemen, kunt u geen contact meer opnemen.","robots":{"index":"index","follow":"follow","max-snippet":"max-snippet:-1","max-image-preview":"max-image-preview:large","max-video-preview":"max-video-preview:-1"},"canonical":"https:\/\/hec-holland.com\/de\/andere\/","og_locale":"de_DE","og_type":"article","og_title":"Andere","og_description":"Voor meer informatie en onze mogelijkheden om contact op te nemen, kunt u geen contact meer opnemen.","og_url":"https:\/\/hec-holland.com\/de\/andere\/","og_site_name":"HEC-Holland","article_modified_time":"2025-10-21T14:31:47+00:00","og_image":[{"width":640,"height":480,"url":"https:\/\/hec-holland.com\/wp-content\/uploads\/2023\/10\/Other-Industries-HEC-Holland-2.jpg","type":"image\/jpeg"}],"twitter_card":"summary_large_image","twitter_site":"@hec_holland","twitter_misc":{"Gesch\u00e4tzte Lesezeit":"2\u00a0Minuten"},"schema":{"@context":"https:\/\/schema.org","@graph":[{"@type":"WebPage","@id":"https:\/\/hec-holland.com\/de\/andere\/","url":"https:\/\/hec-holland.com\/de\/andere\/","name":"Andere - HEC-Holland","isPartOf":{"@id":"https:\/\/hec-holland.com\/de\/#website"},"primaryImageOfPage":{"@id":"https:\/\/hec-holland.com\/de\/andere\/#primaryimage"},"image":{"@id":"https:\/\/hec-holland.com\/de\/andere\/#primaryimage"},"thumbnailUrl":"https:\/\/hec-holland.com\/wp-content\/uploads\/2023\/10\/Other-Industries-HEC-Holland-2.jpg","datePublished":"2019-08-19T09:20:51+00:00","dateModified":"2025-10-21T14:31:47+00:00","description":"Voor meer informatie en onze mogelijkheden om contact op te nemen, kunt u geen contact meer opnemen.","breadcrumb":{"@id":"https:\/\/hec-holland.com\/de\/andere\/#breadcrumb"},"inLanguage":"de","potentialAction":[{"@type":"ReadAction","target":["https:\/\/hec-holland.com\/de\/andere\/"]}]},{"@type":"ImageObject","inLanguage":"de","@id":"https:\/\/hec-holland.com\/de\/andere\/#primaryimage","url":"https:\/\/hec-holland.com\/wp-content\/uploads\/2023\/10\/Other-Industries-HEC-Holland-2.jpg","contentUrl":"https:\/\/hec-holland.com\/wp-content\/uploads\/2023\/10\/Other-Industries-HEC-Holland-2.jpg"},{"@type":"BreadcrumbList","@id":"https:\/\/hec-holland.com\/de\/andere\/#breadcrumb","itemListElement":[{"@type":"ListItem","position":1,"name":"Home","item":"https:\/\/hec-holland.com\/de\/startseite\/"},{"@type":"ListItem","position":2,"name":"Andere"}]},{"@type":"WebSite","@id":"https:\/\/hec-holland.com\/de\/#website","url":"https:\/\/hec-holland.com\/de\/","name":"HEC-Holland","description":"Your cable, Our connection","publisher":{"@id":"https:\/\/hec-holland.com\/de\/#organization"},"potentialAction":[{"@type":"SearchAction","target":{"@type":"EntryPoint","urlTemplate":"https:\/\/hec-holland.com\/de\/?s={search_term_string}"},"query-input":{"@type":"PropertyValueSpecification","valueRequired":true,"valueName":"search_term_string"}}],"inLanguage":"de"},{"@type":"Organization","@id":"https:\/\/hec-holland.com\/de\/#organization","name":"HEC-Holland","alternateName":"HEC-Holland","url":"https:\/\/hec-holland.com\/de\/","logo":{"@type":"ImageObject","inLanguage":"de","@id":"https:\/\/hec-holland.com\/de\/#\/schema\/logo\/image\/","url":"https:\/\/hec-holland.com\/wp-content\/uploads\/2019\/01\/Logo-HEC-Holland.png","contentUrl":"https:\/\/hec-holland.com\/wp-content\/uploads\/2019\/01\/Logo-HEC-Holland.png","width":247,"height":62,"caption":"HEC-Holland"},"image":{"@id":"https:\/\/hec-holland.com\/de\/#\/schema\/logo\/image\/"},"sameAs":["https:\/\/x.com\/hec_holland","https:\/\/www.linkedin.com\/company\/hec-holland\/","https:\/\/www.instagram.com\/hec_holland","https:\/\/www.youtube.com\/@hecholland"],"email":"marketing@hec-holland.com","telephone":"0263792767","numberOfEmployees":{"@type":"QuantitativeValue","minValue":"11","maxValue":"50"}}]}},"_links":{"self":[{"href":"https:\/\/hec-holland.com\/de\/wp-json\/wp\/v2\/pages\/9868","targetHints":{"allow":["GET"]}}],"collection":[{"href":"https:\/\/hec-holland.com\/de\/wp-json\/wp\/v2\/pages"}],"about":[{"href":"https:\/\/hec-holland.com\/de\/wp-json\/wp\/v2\/types\/page"}],"author":[{"embeddable":true,"href":"https:\/\/hec-holland.com\/de\/wp-json\/wp\/v2\/users\/1"}],"replies":[{"embeddable":true,"href":"https:\/\/hec-holland.com\/de\/wp-json\/wp\/v2\/comments?post=9868"}],"version-history":[{"count":33,"href":"https:\/\/hec-holland.com\/de\/wp-json\/wp\/v2\/pages\/9868\/revisions"}],"predecessor-version":[{"id":26650,"href":"https:\/\/hec-holland.com\/de\/wp-json\/wp\/v2\/pages\/9868\/revisions\/26650"}],"wp:attachment":[{"href":"https:\/\/hec-holland.com\/de\/wp-json\/wp\/v2\/media?parent=9868"}],"curies":[{"name":"wp","href":"https:\/\/api.w.org\/{rel}","templated":true}]}}