{"id":9933,"date":"2020-01-15T10:48:33","date_gmt":"2020-01-15T09:48:33","guid":{"rendered":"https:\/\/hec-holland.com\/werkstaetten\/"},"modified":"2025-10-29T13:40:58","modified_gmt":"2025-10-29T12:40:58","slug":"workshops","status":"publish","type":"page","link":"https:\/\/hec-holland.com\/de\/nachrichten\/workshops\/","title":{"rendered":"Werkst\u00e4tten"},"content":{"rendered":"\t\t<div data-elementor-type=\"wp-page\" data-elementor-id=\"9933\" class=\"elementor elementor-9933 elementor-5651\" data-elementor-post-type=\"page\">\n\t\t\t\t\t\t<section class=\"elementor-section elementor-top-section elementor-element elementor-element-59b0665 elementor-section-boxed elementor-section-height-default elementor-section-height-default\" data-id=\"59b0665\" data-element_type=\"section\" data-e-type=\"section\">\n\t\t\t\t\t\t<div class=\"elementor-container elementor-column-gap-default\">\n\t\t\t\t\t<div class=\"elementor-column elementor-col-100 elementor-top-column elementor-element elementor-element-cbdfe21\" data-id=\"cbdfe21\" data-element_type=\"column\" data-e-type=\"column\">\n\t\t\t<div class=\"elementor-widget-wrap elementor-element-populated\">\n\t\t\t\t\t\t<div class=\"elementor-element elementor-element-a852fb5 elementor-widget-divider--view-line elementor-widget elementor-widget-divider\" data-id=\"a852fb5\" data-element_type=\"widget\" data-e-type=\"widget\" data-widget_type=\"divider.default\">\n\t\t\t\t\t\t\t<div class=\"elementor-divider\">\n\t\t\t<span class=\"elementor-divider-separator\">\n\t\t\t\t\t\t<\/span>\n\t\t<\/div>\n\t\t\t\t\t\t<\/div>\n\t\t\t\t\t<\/div>\n\t\t<\/div>\n\t\t\t\t\t<\/div>\n\t\t<\/section>\n\t\t\t\t<section class=\"elementor-section elementor-top-section elementor-element elementor-element-c347189 elementor-section-boxed elementor-section-height-default elementor-section-height-default\" data-id=\"c347189\" data-element_type=\"section\" data-e-type=\"section\">\n\t\t\t\t\t\t<div class=\"elementor-container elementor-column-gap-default\">\n\t\t\t\t\t<div class=\"elementor-column elementor-col-100 elementor-top-column elementor-element elementor-element-108ba09\" data-id=\"108ba09\" data-element_type=\"column\" data-e-type=\"column\">\n\t\t\t<div class=\"elementor-widget-wrap elementor-element-populated\">\n\t\t\t\t\t\t<div class=\"elementor-element elementor-element-f986dfe elementor-widget elementor-widget-text-editor\" data-id=\"f986dfe\" data-element_type=\"widget\" data-e-type=\"widget\" data-widget_type=\"text-editor.default\">\n\t\t\t\t\t\t\t\t\t<p>HEC-Holland ist bestrebt, mit den neuesten Entwicklungen und Innovationen Schritt zu halten. Daher sind wir bestrebt, unser Wissen mit Ihnen zu teilen. Besuchen Sie unsere Workshops, bringen Sie Ihr Fachwissen auf den neuesten Stand und treffen Sie sich mit anderen Fachleuten.  <\/p>\t\t\t\t\t\t\t\t<\/div>\n\t\t\t\t\t<\/div>\n\t\t<\/div>\n\t\t\t\t\t<\/div>\n\t\t<\/section>\n\t\t\t\t<section class=\"elementor-section elementor-top-section elementor-element elementor-element-b4818a9 elementor-section-boxed elementor-section-height-default elementor-section-height-default\" data-id=\"b4818a9\" data-element_type=\"section\" data-e-type=\"section\">\n\t\t\t\t\t\t<div class=\"elementor-container elementor-column-gap-default\">\n\t\t\t\t\t<div class=\"elementor-column elementor-col-100 elementor-top-column elementor-element elementor-element-c79677e\" data-id=\"c79677e\" data-element_type=\"column\" data-e-type=\"column\">\n\t\t\t<div class=\"elementor-widget-wrap elementor-element-populated\">\n\t\t\t\t\t\t<div class=\"elementor-element elementor-element-98dfc25 elementor-widget elementor-widget-heading\" data-id=\"98dfc25\" data-element_type=\"widget\" data-e-type=\"widget\" data-widget_type=\"heading.default\">\n\t\t\t\t\t<h2 class=\"elementor-heading-title elementor-size-default\">Kabel Werkstatt<\/h2>\t\t\t\t<\/div>\n\t\t\t\t<div class=\"elementor-element elementor-element-e442781 elementor-widget elementor-widget-text-editor\" data-id=\"e442781\" data-element_type=\"widget\" data-e-type=\"widget\" data-widget_type=\"text-editor.default\">\n\t\t\t\t\t\t\t\t\t<p><strong>12 &#8211; 14 November 2025<\/strong><\/p><p>Treffen Sie Experten der Draht- und Kabelindustrie in einem inspirierenden Umfeld. Nehmen Sie an einem umfassenden zweit\u00e4gigen Workshop teil. Ingenieure, technische Spezialisten und strategische Eink\u00e4ufer aus der Draht- und Kabelbranche werden die neuesten Entwicklungen und Diskussionen \u00fcber Kabelb\u00e4nder und Isoliermaterialien und -systeme diskutieren. Erweitern Sie Ihr Wissen und tauschen Sie sich mit anderen Fachleuten aus. <\/p><p>Vom 12. bis 14. November 2025 veranstalten wir den Kabel Werkstatt in den Niederlanden. Der Workshop findet im Hotel Van der Valk Apeldoorn \u2013 De Cantharel statt. Wir haben besondere Gastredner von SC Solution, Maillefer, Kurr\u00e9 Systems, DSO Alliander, TSO Tennet, Dekra Certification und Polyexcel.  <\/p><p>Die Kosten f\u00fcr die Teilnahme an diesem 2-t\u00e4gigen Workshop betragen 949,- Euro und beinhalten die Teilnahme am Workshop und einen 2-t\u00e4gigen Aufenthalt im Hotel Van der Valk.<\/p><p><strong>Programm highlights:<\/strong><\/p><ul><li>CV-Extrusionssysteme und Prozessoptimierung<\/li><li>Fortgeschrittene Fehlerbehebung und praktische Falldiskussionen<\/li><li>Intelligente Materialanwendung und nachhaltige Produktkonzepte<\/li><li>PE- und Funktionsbandintegration im MV\/HV-Kabeldesign<\/li><li>Kosteneffizienz und Zuverl\u00e4ssigkeit in der Produktion<\/li><li>Kreislaufwirtschaft und Nachhaltigkeit in der Kabelmaterialentwicklung<\/li><li>Relevante IEC-Pr\u00fcfmethoden<\/li><\/ul>\t\t\t\t\t\t\t\t<\/div>\n\t\t\t\t<div class=\"elementor-element elementor-element-28cdb9c elementor-widget elementor-widget-button\" data-id=\"28cdb9c\" data-element_type=\"widget\" data-e-type=\"widget\" data-widget_type=\"button.default\">\n\t\t\t\t\t\t\t\t\t\t<a class=\"elementor-button elementor-button-link elementor-size-md\" href=\"mailto:%20info@hec-holland.com\">\n\t\t\t\t\t\t<span class=\"elementor-button-content-wrapper\">\n\t\t\t\t\t\t<span class=\"elementor-button-icon\">\n\t\t\t\t<i aria-hidden=\"true\" class=\"fas fa-chevron-right\"><\/i>\t\t\t<\/span>\n\t\t\t\t\t\t\t\t\t<span class=\"elementor-button-text\">Buchen Sie hier Ihr Ticket<\/span>\n\t\t\t\t\t<\/span>\n\t\t\t\t\t<\/a>\n\t\t\t\t\t\t\t\t<\/div>\n\t\t\t\t\t<\/div>\n\t\t<\/div>\n\t\t\t\t\t<\/div>\n\t\t<\/section>\n\t\t\t\t<\/div>\n\t\t","protected":false},"excerpt":{"rendered":"<p>HEC-Holland ist bestrebt, mit den neuesten Entwicklungen und Innovationen Schritt zu halten. Daher sind wir bestrebt, unser Wissen mit Ihnen [&hellip;]<\/p>\n","protected":false},"author":1,"featured_media":0,"parent":9653,"menu_order":0,"comment_status":"closed","ping_status":"closed","template":"","meta":{"site-sidebar-layout":"default","site-content-layout":"","ast-site-content-layout":"default","site-content-style":"default","site-sidebar-style":"default","ast-global-header-display":"","ast-banner-title-visibility":"","ast-main-header-display":"","ast-hfb-above-header-display":"","ast-hfb-below-header-display":"","ast-hfb-mobile-header-display":"","site-post-title":"","ast-breadcrumbs-content":"","ast-featured-img":"","footer-sml-layout":"","ast-disable-related-posts":"","theme-transparent-header-meta":"","adv-header-id-meta":"","stick-header-meta":"","header-above-stick-meta":"","header-main-stick-meta":"","header-below-stick-meta":"","astra-migrate-meta-layouts":"default","ast-page-background-enabled":"default","ast-page-background-meta":{"desktop":{"background-color":"var(--ast-global-color-4)","background-image":"","background-repeat":"repeat","background-position":"center center","background-size":"auto","background-attachment":"scroll","background-type":"","background-media":"","overlay-type":"","overlay-color":"","overlay-opacity":"","overlay-gradient":""},"tablet":{"background-color":"","background-image":"","background-repeat":"repeat","background-position":"center center","background-size":"auto","background-attachment":"scroll","background-type":"","background-media":"","overlay-type":"","overlay-color":"","overlay-opacity":"","overlay-gradient":""},"mobile":{"background-color":"","background-image":"","background-repeat":"repeat","background-position":"center center","background-size":"auto","background-attachment":"scroll","background-type":"","background-media":"","overlay-type":"","overlay-color":"","overlay-opacity":"","overlay-gradient":""}},"ast-content-background-meta":{"desktop":{"background-color":"var(--ast-global-color-5)","background-image":"","background-repeat":"repeat","background-position":"center center","background-size":"auto","background-attachment":"scroll","background-type":"","background-media":"","overlay-type":"","overlay-color":"","overlay-opacity":"","overlay-gradient":""},"tablet":{"background-color":"var(--ast-global-color-5)","background-image":"","background-repeat":"repeat","background-position":"center center","background-size":"auto","background-attachment":"scroll","background-type":"","background-media":"","overlay-type":"","overlay-color":"","overlay-opacity":"","overlay-gradient":""},"mobile":{"background-color":"var(--ast-global-color-5)","background-image":"","background-repeat":"repeat","background-position":"center center","background-size":"auto","background-attachment":"scroll","background-type":"","background-media":"","overlay-type":"","overlay-color":"","overlay-opacity":"","overlay-gradient":""}},"footnotes":""},"class_list":["post-9933","page","type-page","status-publish","hentry"],"yoast_head":"<!-- This site is optimized with the Yoast SEO Premium plugin v26.6 (Yoast SEO v27.4) - https:\/\/yoast.com\/product\/yoast-seo-premium-wordpress\/ -->\n<title>| Kabel- und Drahtindustrie | HEC-Holland<\/title>\n<meta name=\"description\" content=\"Auf unserer Werkstatt-Seite halten wir Sie \u00fcber neue Entwicklungen auf dem Laufenden, die Ihnen dabei helfen, Ihr Gesch\u00e4ft in der Kabel- und Drahtindustrie erfolgreich auszubauen.\" \/>\n<meta name=\"robots\" content=\"index, follow, max-snippet:-1, max-image-preview:large, max-video-preview:-1\" \/>\n<link rel=\"canonical\" href=\"https:\/\/hec-holland.com\/de\/nachrichten\/workshops\/\" \/>\n<meta property=\"og:locale\" content=\"de_DE\" \/>\n<meta property=\"og:type\" content=\"article\" \/>\n<meta property=\"og:title\" content=\"Werkst\u00e4tten\" \/>\n<meta property=\"og:description\" content=\"Auf unserer Werkstatt-Seite halten wir Sie \u00fcber neue Entwicklungen auf dem Laufenden, die Ihnen dabei helfen, Ihr Gesch\u00e4ft in der Kabel- und Drahtindustrie erfolgreich auszubauen.\" \/>\n<meta property=\"og:url\" content=\"https:\/\/hec-holland.com\/de\/nachrichten\/workshops\/\" \/>\n<meta property=\"og:site_name\" content=\"HEC-Holland\" \/>\n<meta property=\"article:modified_time\" content=\"2025-10-29T12:40:58+00:00\" \/>\n<meta name=\"twitter:card\" content=\"summary_large_image\" \/>\n<meta name=\"twitter:site\" content=\"@hec_holland\" \/>\n<meta name=\"twitter:label1\" content=\"Gesch\u00e4tzte Lesezeit\" \/>\n\t<meta name=\"twitter:data1\" content=\"2\u00a0Minuten\" \/>\n<script type=\"application\/ld+json\" class=\"yoast-schema-graph\">{\"@context\":\"https:\\\/\\\/schema.org\",\"@graph\":[{\"@type\":\"WebPage\",\"@id\":\"https:\\\/\\\/hec-holland.com\\\/de\\\/nachrichten\\\/workshops\\\/\",\"url\":\"https:\\\/\\\/hec-holland.com\\\/de\\\/nachrichten\\\/workshops\\\/\",\"name\":\"| Kabel- und Drahtindustrie | HEC-Holland\",\"isPartOf\":{\"@id\":\"https:\\\/\\\/hec-holland.com\\\/de\\\/#website\"},\"datePublished\":\"2020-01-15T09:48:33+00:00\",\"dateModified\":\"2025-10-29T12:40:58+00:00\",\"description\":\"Auf unserer Werkstatt-Seite halten wir Sie \u00fcber neue Entwicklungen auf dem Laufenden, die Ihnen dabei helfen, Ihr Gesch\u00e4ft in der Kabel- und Drahtindustrie erfolgreich auszubauen.\",\"breadcrumb\":{\"@id\":\"https:\\\/\\\/hec-holland.com\\\/de\\\/nachrichten\\\/workshops\\\/#breadcrumb\"},\"inLanguage\":\"de\",\"potentialAction\":[{\"@type\":\"ReadAction\",\"target\":[\"https:\\\/\\\/hec-holland.com\\\/de\\\/nachrichten\\\/workshops\\\/\"]}]},{\"@type\":\"BreadcrumbList\",\"@id\":\"https:\\\/\\\/hec-holland.com\\\/de\\\/nachrichten\\\/workshops\\\/#breadcrumb\",\"itemListElement\":[{\"@type\":\"ListItem\",\"position\":1,\"name\":\"Home\",\"item\":\"https:\\\/\\\/hec-holland.com\\\/de\\\/startseite\\\/\"},{\"@type\":\"ListItem\",\"position\":2,\"name\":\"Nachrichten\",\"item\":\"https:\\\/\\\/hec-holland.com\\\/de\\\/nachrichten\\\/\"},{\"@type\":\"ListItem\",\"position\":3,\"name\":\"Werkst\u00e4tten\"}]},{\"@type\":\"WebSite\",\"@id\":\"https:\\\/\\\/hec-holland.com\\\/de\\\/#website\",\"url\":\"https:\\\/\\\/hec-holland.com\\\/de\\\/\",\"name\":\"HEC-Holland\",\"description\":\"Your cable, Our connection\",\"publisher\":{\"@id\":\"https:\\\/\\\/hec-holland.com\\\/de\\\/#organization\"},\"potentialAction\":[{\"@type\":\"SearchAction\",\"target\":{\"@type\":\"EntryPoint\",\"urlTemplate\":\"https:\\\/\\\/hec-holland.com\\\/de\\\/?s={search_term_string}\"},\"query-input\":{\"@type\":\"PropertyValueSpecification\",\"valueRequired\":true,\"valueName\":\"search_term_string\"}}],\"inLanguage\":\"de\"},{\"@type\":\"Organization\",\"@id\":\"https:\\\/\\\/hec-holland.com\\\/de\\\/#organization\",\"name\":\"HEC-Holland\",\"alternateName\":\"HEC-Holland\",\"url\":\"https:\\\/\\\/hec-holland.com\\\/de\\\/\",\"logo\":{\"@type\":\"ImageObject\",\"inLanguage\":\"de\",\"@id\":\"https:\\\/\\\/hec-holland.com\\\/de\\\/#\\\/schema\\\/logo\\\/image\\\/\",\"url\":\"https:\\\/\\\/hec-holland.com\\\/wp-content\\\/uploads\\\/2019\\\/01\\\/Logo-HEC-Holland.png\",\"contentUrl\":\"https:\\\/\\\/hec-holland.com\\\/wp-content\\\/uploads\\\/2019\\\/01\\\/Logo-HEC-Holland.png\",\"width\":247,\"height\":62,\"caption\":\"HEC-Holland\"},\"image\":{\"@id\":\"https:\\\/\\\/hec-holland.com\\\/de\\\/#\\\/schema\\\/logo\\\/image\\\/\"},\"sameAs\":[\"https:\\\/\\\/x.com\\\/hec_holland\",\"https:\\\/\\\/www.linkedin.com\\\/company\\\/hec-holland\\\/\",\"https:\\\/\\\/www.instagram.com\\\/hec_holland\",\"https:\\\/\\\/www.youtube.com\\\/@hecholland\"],\"email\":\"marketing@hec-holland.com\",\"telephone\":\"0263792767\",\"numberOfEmployees\":{\"@type\":\"QuantitativeValue\",\"minValue\":\"11\",\"maxValue\":\"50\"}}]}<\/script>\n<!-- \/ Yoast SEO Premium plugin. -->","yoast_head_json":{"title":"| Kabel- und Drahtindustrie | HEC-Holland","description":"Auf unserer Werkstatt-Seite halten wir Sie \u00fcber neue Entwicklungen auf dem Laufenden, die Ihnen dabei helfen, Ihr Gesch\u00e4ft in der Kabel- und Drahtindustrie erfolgreich auszubauen.","robots":{"index":"index","follow":"follow","max-snippet":"max-snippet:-1","max-image-preview":"max-image-preview:large","max-video-preview":"max-video-preview:-1"},"canonical":"https:\/\/hec-holland.com\/de\/nachrichten\/workshops\/","og_locale":"de_DE","og_type":"article","og_title":"Werkst\u00e4tten","og_description":"Auf unserer Werkstatt-Seite halten wir Sie \u00fcber neue Entwicklungen auf dem Laufenden, die Ihnen dabei helfen, Ihr Gesch\u00e4ft in der Kabel- und Drahtindustrie erfolgreich auszubauen.","og_url":"https:\/\/hec-holland.com\/de\/nachrichten\/workshops\/","og_site_name":"HEC-Holland","article_modified_time":"2025-10-29T12:40:58+00:00","twitter_card":"summary_large_image","twitter_site":"@hec_holland","twitter_misc":{"Gesch\u00e4tzte Lesezeit":"2\u00a0Minuten"},"schema":{"@context":"https:\/\/schema.org","@graph":[{"@type":"WebPage","@id":"https:\/\/hec-holland.com\/de\/nachrichten\/workshops\/","url":"https:\/\/hec-holland.com\/de\/nachrichten\/workshops\/","name":"| Kabel- und Drahtindustrie | HEC-Holland","isPartOf":{"@id":"https:\/\/hec-holland.com\/de\/#website"},"datePublished":"2020-01-15T09:48:33+00:00","dateModified":"2025-10-29T12:40:58+00:00","description":"Auf unserer Werkstatt-Seite halten wir Sie \u00fcber neue Entwicklungen auf dem Laufenden, die Ihnen dabei helfen, Ihr Gesch\u00e4ft in der Kabel- und Drahtindustrie erfolgreich auszubauen.","breadcrumb":{"@id":"https:\/\/hec-holland.com\/de\/nachrichten\/workshops\/#breadcrumb"},"inLanguage":"de","potentialAction":[{"@type":"ReadAction","target":["https:\/\/hec-holland.com\/de\/nachrichten\/workshops\/"]}]},{"@type":"BreadcrumbList","@id":"https:\/\/hec-holland.com\/de\/nachrichten\/workshops\/#breadcrumb","itemListElement":[{"@type":"ListItem","position":1,"name":"Home","item":"https:\/\/hec-holland.com\/de\/startseite\/"},{"@type":"ListItem","position":2,"name":"Nachrichten","item":"https:\/\/hec-holland.com\/de\/nachrichten\/"},{"@type":"ListItem","position":3,"name":"Werkst\u00e4tten"}]},{"@type":"WebSite","@id":"https:\/\/hec-holland.com\/de\/#website","url":"https:\/\/hec-holland.com\/de\/","name":"HEC-Holland","description":"Your cable, Our connection","publisher":{"@id":"https:\/\/hec-holland.com\/de\/#organization"},"potentialAction":[{"@type":"SearchAction","target":{"@type":"EntryPoint","urlTemplate":"https:\/\/hec-holland.com\/de\/?s={search_term_string}"},"query-input":{"@type":"PropertyValueSpecification","valueRequired":true,"valueName":"search_term_string"}}],"inLanguage":"de"},{"@type":"Organization","@id":"https:\/\/hec-holland.com\/de\/#organization","name":"HEC-Holland","alternateName":"HEC-Holland","url":"https:\/\/hec-holland.com\/de\/","logo":{"@type":"ImageObject","inLanguage":"de","@id":"https:\/\/hec-holland.com\/de\/#\/schema\/logo\/image\/","url":"https:\/\/hec-holland.com\/wp-content\/uploads\/2019\/01\/Logo-HEC-Holland.png","contentUrl":"https:\/\/hec-holland.com\/wp-content\/uploads\/2019\/01\/Logo-HEC-Holland.png","width":247,"height":62,"caption":"HEC-Holland"},"image":{"@id":"https:\/\/hec-holland.com\/de\/#\/schema\/logo\/image\/"},"sameAs":["https:\/\/x.com\/hec_holland","https:\/\/www.linkedin.com\/company\/hec-holland\/","https:\/\/www.instagram.com\/hec_holland","https:\/\/www.youtube.com\/@hecholland"],"email":"marketing@hec-holland.com","telephone":"0263792767","numberOfEmployees":{"@type":"QuantitativeValue","minValue":"11","maxValue":"50"}}]}},"_links":{"self":[{"href":"https:\/\/hec-holland.com\/de\/wp-json\/wp\/v2\/pages\/9933","targetHints":{"allow":["GET"]}}],"collection":[{"href":"https:\/\/hec-holland.com\/de\/wp-json\/wp\/v2\/pages"}],"about":[{"href":"https:\/\/hec-holland.com\/de\/wp-json\/wp\/v2\/types\/page"}],"author":[{"embeddable":true,"href":"https:\/\/hec-holland.com\/de\/wp-json\/wp\/v2\/users\/1"}],"replies":[{"embeddable":true,"href":"https:\/\/hec-holland.com\/de\/wp-json\/wp\/v2\/comments?post=9933"}],"version-history":[{"count":47,"href":"https:\/\/hec-holland.com\/de\/wp-json\/wp\/v2\/pages\/9933\/revisions"}],"predecessor-version":[{"id":26856,"href":"https:\/\/hec-holland.com\/de\/wp-json\/wp\/v2\/pages\/9933\/revisions\/26856"}],"up":[{"embeddable":true,"href":"https:\/\/hec-holland.com\/de\/wp-json\/wp\/v2\/pages\/9653"}],"wp:attachment":[{"href":"https:\/\/hec-holland.com\/de\/wp-json\/wp\/v2\/media?parent=9933"}],"curies":[{"name":"wp","href":"https:\/\/api.w.org\/{rel}","templated":true}]}}